{"id":1238,"date":"2024-11-01T20:01:12","date_gmt":"2024-11-01T18:01:12","guid":{"rendered":"https:\/\/xn--unysasistentai-p0c.lt\/?page_id=1238"},"modified":"2025-03-17T17:56:57","modified_gmt":"2025-03-17T15:56:57","slug":"spaudoje-apie-mus","status":"publish","type":"page","link":"https:\/\/xn--unysasistentai-p0c.lt\/en\/spaudoje-apie-mus\/","title":{"rendered":"Spaudoje apie mus"},"content":{"rendered":"<div data-elementor-type=\"wp-page\" data-elementor-id=\"1238\" class=\"elementor elementor-1238\">\n\t\t\t\t<div class=\"elementor-element elementor-element-8653620 e-flex e-con-boxed e-con e-parent\" data-id=\"8653620\" data-element_type=\"container\" data-e-type=\"container\">\n\t\t\t\t\t<div class=\"e-con-inner\">\n\t\t\t\t\t<\/div>\n\t\t\t\t<\/div>\n\t\t<div class=\"elementor-element elementor-element-c224625 e-flex e-con-boxed e-con e-parent\" data-id=\"c224625\" data-element_type=\"container\" data-e-type=\"container\">\n\t\t\t\t\t<div class=\"e-con-inner\">\n\t\t<div class=\"elementor-element elementor-element-91ef9db e-con-full e-flex e-con e-child\" data-id=\"91ef9db\" data-element_type=\"container\" data-e-type=\"container\">\n\t\t\t\t<div class=\"elementor-element elementor-element-1e3d32a elementor-widget elementor-widget-image\" data-id=\"1e3d32a\" data-element_type=\"widget\" data-e-type=\"widget\" data-widget_type=\"image.default\">\n\t\t\t\t<div class=\"elementor-widget-container\">\n\t\t\t\t\t\t\t\t\t\t\t\t<figure class=\"wp-caption\">\n\t\t\t\t\t\t\t\t\t\t\t<a href=\"https:\/\/xn--unysasistentai-p0c.lt\/wp-content\/uploads\/2025\/03\/Adobe-Scan-17-Mar-2025-2_one-page-scaled.webp\" target=\"_blank\">\n\t\t\t\t\t\t\t<img fetchpriority=\"high\" decoding=\"async\" width=\"768\" height=\"431\" src=\"https:\/\/xn--unysasistentai-p0c.lt\/wp-content\/uploads\/2025\/03\/Capture-768x431.webp\" class=\"attachment-medium_large size-medium_large wp-image-1584\" alt=\"\" srcset=\"https:\/\/xn--unysasistentai-p0c.lt\/wp-content\/uploads\/2025\/03\/Capture-768x431.webp 768w, https:\/\/xn--unysasistentai-p0c.lt\/wp-content\/uploads\/2025\/03\/Capture-300x169.webp 300w, https:\/\/xn--unysasistentai-p0c.lt\/wp-content\/uploads\/2025\/03\/Capture-1024x575.webp 1024w, https:\/\/xn--unysasistentai-p0c.lt\/wp-content\/uploads\/2025\/03\/Capture-18x10.webp 18w, https:\/\/xn--unysasistentai-p0c.lt\/wp-content\/uploads\/2025\/03\/Capture.webp 1068w\" sizes=\"(max-width: 768px) 100vw, 768px\" \/>\t\t\t\t\t\t\t\t<\/a>\n\t\t\t\t\t\t\t\t\t\t\t<figcaption class=\"widget-image-caption wp-caption-text\">Bak\u0161ien\u0117 G. Daugiau nei Draugas: pagalba, kuri kei\u010dia gyvenim\u0105. \"Savait\u0117\" Nr 10, 2025 (kovo 6 d.)<\/figcaption>\n\t\t\t\t\t\t\t\t\t\t<\/figure>\n\t\t\t\t\t\t\t\t\t<\/div>\n\t\t\t\t<\/div>\n\t\t\t\t<\/div>\n\t\t<div class=\"elementor-element elementor-element-92c6398 e-con-full e-flex e-con e-child\" data-id=\"92c6398\" data-element_type=\"container\" data-e-type=\"container\">\n\t\t\t\t<\/div>\n\t\t<div class=\"elementor-element elementor-element-3d717e7 e-con-full e-flex e-con e-child\" data-id=\"3d717e7\" data-element_type=\"container\" data-e-type=\"container\">\n\t\t\t\t<div class=\"elementor-element elementor-element-766c254 elementor-widget elementor-widget-image\" data-id=\"766c254\" data-element_type=\"widget\" data-e-type=\"widget\" data-widget_type=\"image.default\">\n\t\t\t\t<div class=\"elementor-widget-container\">\n\t\t\t\t\t\t\t\t\t\t\t\t<figure class=\"wp-caption\">\n\t\t\t\t\t\t\t\t\t\t\t<a href=\"https:\/\/www.delfi.lt\/nematomi\/naujienos\/nepatogus-kinas-ir-lietaus-vaikai-kviete-i-neuroivairove-zvelgti-giliau-120056481\">\n\t\t\t\t\t\t\t<img decoding=\"async\" width=\"1024\" height=\"607\" src=\"https:\/\/xn--unysasistentai-p0c.lt\/wp-content\/uploads\/2024\/11\/4851887b-727d-42c7-bffa-0252313776fb-1024x607.webp\" class=\"attachment-large size-large wp-image-1401\" alt=\"\" srcset=\"https:\/\/xn--unysasistentai-p0c.lt\/wp-content\/uploads\/2024\/11\/4851887b-727d-42c7-bffa-0252313776fb-1024x607.webp 1024w, https:\/\/xn--unysasistentai-p0c.lt\/wp-content\/uploads\/2024\/11\/4851887b-727d-42c7-bffa-0252313776fb-300x178.webp 300w, https:\/\/xn--unysasistentai-p0c.lt\/wp-content\/uploads\/2024\/11\/4851887b-727d-42c7-bffa-0252313776fb-768x455.webp 768w, https:\/\/xn--unysasistentai-p0c.lt\/wp-content\/uploads\/2024\/11\/4851887b-727d-42c7-bffa-0252313776fb-18x12.webp 18w, https:\/\/xn--unysasistentai-p0c.lt\/wp-content\/uploads\/2024\/11\/4851887b-727d-42c7-bffa-0252313776fb.webp 1200w\" sizes=\"(max-width: 1024px) 100vw, 1024px\" \/>\t\t\t\t\t\t\t\t<\/a>\n\t\t\t\t\t\t\t\t\t\t\t<figcaption class=\"widget-image-caption wp-caption-text\">\u201eNepatogus kinas\u201c ir \u201eLietaus vaikai\u201c kviet\u0117 \u012f neuro\u012fvairov\u0119 \u017evelgti giliau  (Delfi, 2024-10-11)<\/figcaption>\n\t\t\t\t\t\t\t\t\t\t<\/figure>\n\t\t\t\t\t\t\t\t\t<\/div>\n\t\t\t\t<\/div>\n\t\t\t\t<\/div>\n\t\t<div class=\"elementor-element elementor-element-3a37812 e-con-full e-flex e-con e-child\" data-id=\"3a37812\" data-element_type=\"container\" data-e-type=\"container\">\n\t\t\t\t<div class=\"elementor-element elementor-element-771b0d6 elementor-widget elementor-widget-image\" data-id=\"771b0d6\" data-element_type=\"widget\" data-e-type=\"widget\" data-widget_type=\"image.default\">\n\t\t\t\t<div class=\"elementor-widget-container\">\n\t\t\t\t\t\t\t\t\t\t\t\t<figure class=\"wp-caption\">\n\t\t\t\t\t\t\t\t\t\t\t<a href=\"https:\/\/www.delfi.lt\/letena\/mano-letena\/irinos-namuose-neeilinis-auksaspalvis-retriveris-geba-ne-tik-perspeti-apie-artejancius-skausmo-priepuolius-120051144\">\n\t\t\t\t\t\t\t<img decoding=\"async\" width=\"1024\" height=\"610\" src=\"https:\/\/xn--unysasistentai-p0c.lt\/wp-content\/uploads\/2024\/11\/Petcity-straipsnio-capture-1024x610.webp\" class=\"attachment-large size-large wp-image-1397\" alt=\"\" srcset=\"https:\/\/xn--unysasistentai-p0c.lt\/wp-content\/uploads\/2024\/11\/Petcity-straipsnio-capture-1024x610.webp 1024w, https:\/\/xn--unysasistentai-p0c.lt\/wp-content\/uploads\/2024\/11\/Petcity-straipsnio-capture-300x179.webp 300w, https:\/\/xn--unysasistentai-p0c.lt\/wp-content\/uploads\/2024\/11\/Petcity-straipsnio-capture-768x458.webp 768w, https:\/\/xn--unysasistentai-p0c.lt\/wp-content\/uploads\/2024\/11\/Petcity-straipsnio-capture-18x12.webp 18w, https:\/\/xn--unysasistentai-p0c.lt\/wp-content\/uploads\/2024\/11\/Petcity-straipsnio-capture.webp 1049w\" sizes=\"(max-width: 1024px) 100vw, 1024px\" \/>\t\t\t\t\t\t\t\t<\/a>\n\t\t\t\t\t\t\t\t\t\t\t<figcaption class=\"widget-image-caption wp-caption-text\">Irinos namuose \u2013 neeilinis auksaspalvis retriveris: geba ne tik persp\u0117ti apie art\u0117jan\u010dius skausmo priepuolius (Delfi, 2024-09-10)<\/figcaption>\n\t\t\t\t\t\t\t\t\t\t<\/figure>\n\t\t\t\t\t\t\t\t\t<\/div>\n\t\t\t\t<\/div>\n\t\t\t\t<\/div>\n\t\t\t\t\t<\/div>\n\t\t\t\t<\/div>\n\t\t<div class=\"elementor-element elementor-element-1966651 e-flex e-con-boxed e-con e-parent\" data-id=\"1966651\" data-element_type=\"container\" data-e-type=\"container\">\n\t\t\t\t\t<div class=\"e-con-inner\">\n\t\t\t\t<div class=\"elementor-element elementor-element-b1cf979 elementor-widget elementor-widget-image\" data-id=\"b1cf979\" data-element_type=\"widget\" data-e-type=\"widget\" data-widget_type=\"image.default\">\n\t\t\t\t<div class=\"elementor-widget-container\">\n\t\t\t\t\t\t\t\t\t\t\t\t\t\t\t<img decoding=\"async\" src=\"https:\/\/xn--unysasistentai-p0c.lt\/wp-content\/uploads\/2025\/03\/Adobe-Scan-17-Mar-2025-2.pdf\" title=\"\" alt=\"\" loading=\"lazy\" \/>\t\t\t\t\t\t\t\t\t\t\t\t\t\t\t<\/div>\n\t\t\t\t<\/div>\n\t\t\t\t\t<\/div>\n\t\t\t\t<\/div>\n\t\t\t\t<\/div>","protected":false},"excerpt":{"rendered":"<p>Bak\u0161ien\u0117 G. Daugiau nei Draugas: pagalba, kuri kei\u010dia gyvenim\u0105. &#8222;Savait\u0117&#8221; Nr 10, 2025 (kovo 6 d.) \u201eNepatogus kinas\u201c ir \u201eLietaus vaikai\u201c kviet\u0117 \u012f neuro\u012fvairov\u0119 \u017evelgti giliau (Delfi, 2024-10-11) Irinos namuose \u2013 neeilinis auksaspalvis retriveris: geba ne tik persp\u0117ti apie art\u0117jan\u010dius skausmo priepuolius (Delfi, 2024-09-10)<\/p>","protected":false},"author":1,"featured_media":0,"parent":0,"menu_order":0,"comment_status":"closed","ping_status":"closed","template":"","meta":{"_uag_custom_page_level_css":"","site-sidebar-layout":"no-sidebar","site-content-layout":"page-builder","ast-site-content-layout":"full-width-container","site-content-style":"default","site-sidebar-style":"default","ast-global-header-display":"","ast-banner-title-visibility":"","ast-main-header-display":"","ast-hfb-above-header-display":"","ast-hfb-below-header-display":"","ast-hfb-mobile-header-display":"","site-post-title":"disabled","ast-breadcrumbs-content":"","ast-featured-img":"disabled","footer-sml-layout":"","ast-disable-related-posts":"","theme-transparent-header-meta":"","adv-header-id-meta":"","stick-header-meta":"","header-above-stick-meta":"","header-main-stick-meta":"","header-below-stick-meta":"","astra-migrate-meta-layouts":"default","ast-page-background-enabled":"default","ast-page-background-meta":{"desktop":{"background-color":"","background-image":"","background-repeat":"repeat","background-position":"center center","background-size":"auto","background-attachment":"scroll","background-type":"","background-media":"","overlay-type":"","overlay-color":"","overlay-opacity":"","overlay-gradient":""},"tablet":{"background-color":"","background-image":"","background-repeat":"repeat","background-position":"center center","background-size":"auto","background-attachment":"scroll","background-type":"","background-media":"","overlay-type":"","overlay-color":"","overlay-opacity":"","overlay-gradient":""},"mobile":{"background-color":"","background-image":"","background-repeat":"repeat","background-position":"center center","background-size":"auto","background-attachment":"scroll","background-type":"","background-media":"","overlay-type":"","overlay-color":"","overlay-opacity":"","overlay-gradient":""}},"ast-content-background-meta":{"desktop":{"background-color":"var(--ast-global-color-5)","background-image":"","background-repeat":"repeat","background-position":"center center","background-size":"auto","background-attachment":"scroll","background-type":"","background-media":"","overlay-type":"","overlay-color":"","overlay-opacity":"","overlay-gradient":""},"tablet":{"background-color":"var(--ast-global-color-5)","background-image":"","background-repeat":"repeat","background-position":"center center","background-size":"auto","background-attachment":"scroll","background-type":"","background-media":"","overlay-type":"","overlay-color":"","overlay-opacity":"","overlay-gradient":""},"mobile":{"background-color":"var(--ast-global-color-5)","background-image":"","background-repeat":"repeat","background-position":"center center","background-size":"auto","background-attachment":"scroll","background-type":"","background-media":"","overlay-type":"","overlay-color":"","overlay-opacity":"","overlay-gradient":""}},"footnotes":""},"class_list":["post-1238","page","type-page","status-publish","hentry"],"uagb_featured_image_src":{"full":false,"thumbnail":false,"medium":false,"medium_large":false,"large":false,"1536x1536":false,"2048x2048":false,"trp-custom-language-flag":false},"uagb_author_info":{"display_name":"irina.liuberte","author_link":"https:\/\/xn--unysasistentai-p0c.lt\/en\/author\/irina-liuberte\/"},"uagb_comment_info":0,"uagb_excerpt":"Bak\u0161ien\u0117 G. Daugiau nei Draugas: pagalba, kuri kei\u010dia gyvenim\u0105. &#8222;Savait\u0117&#8221; Nr 10, 2025 (kovo 6 d.) \u201eNepatogus kinas\u201c ir \u201eLietaus vaikai\u201c kviet\u0117 \u012f neuro\u012fvairov\u0119 \u017evelgti giliau (Delfi, 2024-10-11) Irinos namuose \u2013 neeilinis auksaspalvis retriveris: geba ne tik persp\u0117ti apie art\u0117jan\u010dius skausmo priepuolius (Delfi, 2024-09-10)","_links":{"self":[{"href":"https:\/\/xn--unysasistentai-p0c.lt\/en\/wp-json\/wp\/v2\/pages\/1238","targetHints":{"allow":["GET"]}}],"collection":[{"href":"https:\/\/xn--unysasistentai-p0c.lt\/en\/wp-json\/wp\/v2\/pages"}],"about":[{"href":"https:\/\/xn--unysasistentai-p0c.lt\/en\/wp-json\/wp\/v2\/types\/page"}],"author":[{"embeddable":true,"href":"https:\/\/xn--unysasistentai-p0c.lt\/en\/wp-json\/wp\/v2\/users\/1"}],"replies":[{"embeddable":true,"href":"https:\/\/xn--unysasistentai-p0c.lt\/en\/wp-json\/wp\/v2\/comments?post=1238"}],"version-history":[{"count":38,"href":"https:\/\/xn--unysasistentai-p0c.lt\/en\/wp-json\/wp\/v2\/pages\/1238\/revisions"}],"predecessor-version":[{"id":1606,"href":"https:\/\/xn--unysasistentai-p0c.lt\/en\/wp-json\/wp\/v2\/pages\/1238\/revisions\/1606"}],"wp:attachment":[{"href":"https:\/\/xn--unysasistentai-p0c.lt\/en\/wp-json\/wp\/v2\/media?parent=1238"}],"curies":[{"name":"wp","href":"https:\/\/api.w.org\/{rel}","templated":true}]}}