{"id":1240,"date":"2024-11-01T20:01:12","date_gmt":"2024-11-01T18:01:12","guid":{"rendered":"https:\/\/xn--unysasistentai-p0c.lt\/?page_id=1240"},"modified":"2025-03-18T16:32:13","modified_gmt":"2025-03-18T14:32:13","slug":"naudinga-informacija","status":"publish","type":"page","link":"https:\/\/xn--unysasistentai-p0c.lt\/en\/naudinga-informacija\/","title":{"rendered":"Useful information"},"content":{"rendered":"<div data-elementor-type=\"wp-page\" data-elementor-id=\"1240\" class=\"elementor elementor-1240\">\n\t\t\t\t<div class=\"elementor-element elementor-element-a3b3631 e-flex e-con-boxed e-con e-parent\" data-id=\"a3b3631\" data-element_type=\"container\" data-e-type=\"container\">\n\t\t\t\t\t<div class=\"e-con-inner\">\n\t\t\t\t\t<\/div>\n\t\t\t\t<\/div>\n\t\t<div class=\"elementor-element elementor-element-d9f10c0 e-grid e-con-boxed e-con e-parent\" data-id=\"d9f10c0\" data-element_type=\"container\" data-e-type=\"container\" data-settings=\"{&quot;shape_divider_bottom&quot;:&quot;split&quot;}\">\n\t\t\t\t\t<div class=\"e-con-inner\">\n\t\t\t\t<div class=\"elementor-shape elementor-shape-bottom\" aria-hidden=\"true\" data-negative=\"false\">\n\t\t\t<svg xmlns=\"http:\/\/www.w3.org\/2000\/svg\" viewbox=\"0 0 1000 20\" preserveaspectratio=\"none\">\n\t<path class=\"elementor-shape-fill\" d=\"M0,0v3c0,0,393.8,0,483.4,0c9.2,0,16.6,7.4,16.6,16.6c0-9.1,7.4-16.6,16.6-16.6C606.2,3,1000,3,1000,3V0H0z\"\/>\n<\/svg>\t\t<\/div>\n\t\t\t\t<div class=\"elementor-element elementor-element-844fbc6 elementor-widget elementor-widget-text-editor\" data-id=\"844fbc6\" data-element_type=\"widget\" data-e-type=\"widget\" data-widget_type=\"text-editor.default\">\n\t\t\t\t<div class=\"elementor-widget-container\">\n\t\t\t\t\t\t\t\t\t<h3>\u0160unis asistentus ir vedlius ruo\u0161ia:<\/h3>\t\t\t\t\t\t\t\t<\/div>\n\t\t\t\t<\/div>\n\t\t\t\t<div class=\"elementor-element elementor-element-5320cdd elementor-widget elementor-widget-image\" data-id=\"5320cdd\" data-element_type=\"widget\" data-e-type=\"widget\" data-widget_type=\"image.default\">\n\t\t\t\t<div class=\"elementor-widget-container\">\n\t\t\t\t\t\t\t\t\t\t\t\t\t\t\t\t<a href=\"https:\/\/tarnybinessunininkystesklubas.lt\/paslaugos\/\">\n\t\t\t\t\t\t\t<img decoding=\"async\" width=\"150\" height=\"150\" src=\"https:\/\/xn--unysasistentai-p0c.lt\/wp-content\/uploads\/2024\/11\/71751560_1327193387442282_8690815522582822912_n-150x150.webp\" class=\"attachment-thumbnail size-thumbnail wp-image-1305\" alt=\"\" srcset=\"https:\/\/xn--unysasistentai-p0c.lt\/wp-content\/uploads\/2024\/11\/71751560_1327193387442282_8690815522582822912_n-150x150.webp 150w, https:\/\/xn--unysasistentai-p0c.lt\/wp-content\/uploads\/2024\/11\/71751560_1327193387442282_8690815522582822912_n-300x300.webp 300w, https:\/\/xn--unysasistentai-p0c.lt\/wp-content\/uploads\/2024\/11\/71751560_1327193387442282_8690815522582822912_n-1024x1024.webp 1024w, https:\/\/xn--unysasistentai-p0c.lt\/wp-content\/uploads\/2024\/11\/71751560_1327193387442282_8690815522582822912_n-768x768.webp 768w, https:\/\/xn--unysasistentai-p0c.lt\/wp-content\/uploads\/2024\/11\/71751560_1327193387442282_8690815522582822912_n-12x12.webp 12w, https:\/\/xn--unysasistentai-p0c.lt\/wp-content\/uploads\/2024\/11\/71751560_1327193387442282_8690815522582822912_n.webp 1455w\" sizes=\"(max-width: 150px) 100vw, 150px\" \/>\t\t\t\t\t\t\t\t<\/a>\n\t\t\t\t\t\t\t\t\t\t\t\t\t\t\t<\/div>\n\t\t\t\t<\/div>\n\t\t\t\t<div class=\"elementor-element elementor-element-edeac95 elementor-widget elementor-widget-text-editor\" data-id=\"edeac95\" data-element_type=\"widget\" data-e-type=\"widget\" data-widget_type=\"text-editor.default\">\n\t\t\t\t<div class=\"elementor-widget-container\">\n\t\t\t\t\t\t\t\t\t<p>\u00a0<\/p><p style=\"text-align: center;\"><a href=\"https:\/\/tarnybinessunininkystesklubas.lt\/apie-mus-2\/musu-pasiekimai\/\">Tarnybin\u0117s \u0161unininkyst\u0117s klubas (T\u0160K)<\/a><\/p>\t\t\t\t\t\t\t\t<\/div>\n\t\t\t\t<\/div>\n\t\t\t\t\t<\/div>\n\t\t\t\t<\/div>\n\t\t<div class=\"elementor-element elementor-element-b097b59 e-flex e-con-boxed e-con e-parent\" data-id=\"b097b59\" data-element_type=\"container\" data-e-type=\"container\" data-settings=\"{&quot;shape_divider_bottom&quot;:&quot;split&quot;}\">\n\t\t\t\t\t<div class=\"e-con-inner\">\n\t\t\t\t<div class=\"elementor-shape elementor-shape-bottom\" aria-hidden=\"true\" data-negative=\"false\">\n\t\t\t<svg xmlns=\"http:\/\/www.w3.org\/2000\/svg\" viewbox=\"0 0 1000 20\" preserveaspectratio=\"none\">\n\t<path class=\"elementor-shape-fill\" d=\"M0,0v3c0,0,393.8,0,483.4,0c9.2,0,16.6,7.4,16.6,16.6c0-9.1,7.4-16.6,16.6-16.6C606.2,3,1000,3,1000,3V0H0z\"\/>\n<\/svg>\t\t<\/div>\n\t\t<div class=\"elementor-element elementor-element-67837de e-con-full e-flex e-con e-child\" data-id=\"67837de\" data-element_type=\"container\" data-e-type=\"container\">\n\t\t\t\t<div class=\"elementor-element elementor-element-cdf40e3 elementor-widget elementor-widget-text-editor\" data-id=\"cdf40e3\" data-element_type=\"widget\" data-e-type=\"widget\" data-widget_type=\"text-editor.default\">\n\t\t\t\t<div class=\"elementor-widget-container\">\n\t\t\t\t\t\t\t\t\t<h3>Reglamentai ir teisiniai aktai<\/h3>\t\t\t\t\t\t\t\t<\/div>\n\t\t\t\t<\/div>\n\t\t\t\t<div class=\"elementor-element elementor-element-8dd5344 elementor-widget elementor-widget-image\" data-id=\"8dd5344\" data-element_type=\"widget\" data-e-type=\"widget\" data-widget_type=\"image.default\">\n\t\t\t\t<div class=\"elementor-widget-container\">\n\t\t\t\t\t\t\t\t\t\t\t\t\t\t\t<img fetchpriority=\"high\" decoding=\"async\" width=\"768\" height=\"850\" src=\"https:\/\/xn--unysasistentai-p0c.lt\/wp-content\/uploads\/2024\/11\/413436439_395166113011031_476813940660379544_n-768x850.webp\" class=\"attachment-medium_large size-medium_large wp-image-1272\" alt=\"\" srcset=\"https:\/\/xn--unysasistentai-p0c.lt\/wp-content\/uploads\/2024\/11\/413436439_395166113011031_476813940660379544_n-768x850.webp 768w, https:\/\/xn--unysasistentai-p0c.lt\/wp-content\/uploads\/2024\/11\/413436439_395166113011031_476813940660379544_n-271x300.webp 271w, https:\/\/xn--unysasistentai-p0c.lt\/wp-content\/uploads\/2024\/11\/413436439_395166113011031_476813940660379544_n-926x1024.webp 926w, https:\/\/xn--unysasistentai-p0c.lt\/wp-content\/uploads\/2024\/11\/413436439_395166113011031_476813940660379544_n-11x12.webp 11w, https:\/\/xn--unysasistentai-p0c.lt\/wp-content\/uploads\/2024\/11\/413436439_395166113011031_476813940660379544_n.webp 1148w\" sizes=\"(max-width: 768px) 100vw, 768px\" \/>\t\t\t\t\t\t\t\t\t\t\t\t\t\t\t<\/div>\n\t\t\t\t<\/div>\n\t\t\t\t<\/div>\n\t\t<div class=\"elementor-element elementor-element-a97cd1d e-con-full e-flex e-con e-child\" data-id=\"a97cd1d\" data-element_type=\"container\" data-e-type=\"container\">\n\t\t\t\t<div class=\"elementor-element elementor-element-2437cc0 elementor-widget elementor-widget-text-editor\" data-id=\"2437cc0\" data-element_type=\"widget\" data-e-type=\"widget\" data-widget_type=\"text-editor.default\">\n\t\t\t\t<div class=\"elementor-widget-container\">\n\t\t\t\t\t\t\t\t\t<p><\/p>\n<p><br><\/p><p><br><\/p><p><br><\/p><p><a style=\"font-style: inherit; font-weight: inherit; font-family: var( --e-global-typography-text-font-family ), Sans-serif; text-align: var(--text-align); background-color: #34271f;\" href=\"https:\/\/e-seimas.lrs.lt\/portal\/legalAct\/lt\/TAD\/TAIS.2319\/asr\">Lietuvos Respublikos asmens su negalia teisi\u0173 apsaugos pagrind\u0173 \u012fstatymas I-2044&nbsp;<\/a><\/p>\n<p><a href=\"https:\/\/www.kinologija.lt\/media\/file\/Dokumentai\/Reglamentai\/TPMK%20kolegijos%20reglamentas.pdf\">LKD Terapini\u0173 \u0161un\u0173, \u0161un\u0173 pagalbinink\u0173 ir medicinos paie\u0161kos \u0161un\u0173 parengimo instruktori\u0173 kolegijos reglamentas<\/a>&nbsp;<\/p>\n<p><a style=\"background-color: #34271f; transition-property: all;\" href=\"https:\/\/lygybe.lt\/wp-content\/uploads\/2025\/03\/del-sunu-vedliu-ir-sunu-asistentu_-komisijos-_isvada_-1.pdf\">\u017dmoni\u0173 su negalia teisi\u0173 steb\u0117senos komisija prie Lygi\u0173 galimybi\u0173 kontrolieriaus tarnybos: I\u0160VADA D\u0116L \u0160UN\u0172 PAGALBININK\u0172 (VEDLI\u0172 \/ ASISTENT\u0172) (2025 03 03)<\/a>&nbsp;<\/p>\t\t\t\t\t\t\t\t<\/div>\n\t\t\t\t<\/div>\n\t\t\t\t<\/div>\n\t\t\t\t\t<\/div>\n\t\t\t\t<\/div>\n\t\t<div class=\"elementor-element elementor-element-5cd63b3 e-flex e-con-boxed e-con e-parent\" data-id=\"5cd63b3\" data-element_type=\"container\" data-e-type=\"container\" data-settings=\"{&quot;shape_divider_bottom&quot;:&quot;split&quot;}\">\n\t\t\t\t\t<div class=\"e-con-inner\">\n\t\t\t\t<div class=\"elementor-shape elementor-shape-bottom\" aria-hidden=\"true\" data-negative=\"false\">\n\t\t\t<svg xmlns=\"http:\/\/www.w3.org\/2000\/svg\" viewbox=\"0 0 1000 20\" preserveaspectratio=\"none\">\n\t<path class=\"elementor-shape-fill\" d=\"M0,0v3c0,0,393.8,0,483.4,0c9.2,0,16.6,7.4,16.6,16.6c0-9.1,7.4-16.6,16.6-16.6C606.2,3,1000,3,1000,3V0H0z\"\/>\n<\/svg>\t\t<\/div>\n\t\t<div class=\"elementor-element elementor-element-8419871 e-con-full e-flex e-con e-child\" data-id=\"8419871\" data-element_type=\"container\" data-e-type=\"container\">\n\t\t\t\t<div class=\"elementor-element elementor-element-3cf30fc elementor-widget elementor-widget-text-editor\" data-id=\"3cf30fc\" data-element_type=\"widget\" data-e-type=\"widget\" data-widget_type=\"text-editor.default\">\n\t\t\t\t<div class=\"elementor-widget-container\">\n\t\t\t\t\t\t\t\t\t<h3>Spauda apie \u0161unis asistentus ir vedlius<\/h3>\t\t\t\t\t\t\t\t<\/div>\n\t\t\t\t<\/div>\n\t\t\t\t<div class=\"elementor-element elementor-element-6d0e4da elementor-widget elementor-widget-image\" data-id=\"6d0e4da\" data-element_type=\"widget\" data-e-type=\"widget\" data-widget_type=\"image.default\">\n\t\t\t\t<div class=\"elementor-widget-container\">\n\t\t\t\t\t\t\t\t\t\t\t\t\t\t\t<img decoding=\"async\" width=\"768\" height=\"836\" src=\"https:\/\/xn--unysasistentai-p0c.lt\/wp-content\/uploads\/2024\/11\/20240903_193604-768x836.webp\" class=\"attachment-medium_large size-medium_large wp-image-1289\" alt=\"\" srcset=\"https:\/\/xn--unysasistentai-p0c.lt\/wp-content\/uploads\/2024\/11\/20240903_193604-768x836.webp 768w, https:\/\/xn--unysasistentai-p0c.lt\/wp-content\/uploads\/2024\/11\/20240903_193604-276x300.webp 276w, https:\/\/xn--unysasistentai-p0c.lt\/wp-content\/uploads\/2024\/11\/20240903_193604-941x1024.webp 941w, https:\/\/xn--unysasistentai-p0c.lt\/wp-content\/uploads\/2024\/11\/20240903_193604-1411x1536.webp 1411w, https:\/\/xn--unysasistentai-p0c.lt\/wp-content\/uploads\/2024\/11\/20240903_193604-1881x2048.webp 1763w, https:\/\/xn--unysasistentai-p0c.lt\/wp-content\/uploads\/2024\/11\/20240903_193604-11x12.webp 11w, https:\/\/xn--unysasistentai-p0c.lt\/wp-content\/uploads\/2024\/11\/20240903_193604-scaled.webp 1764w\" sizes=\"(max-width: 768px) 100vw, 768px\" \/>\t\t\t\t\t\t\t\t\t\t\t\t\t\t\t<\/div>\n\t\t\t\t<\/div>\n\t\t\t\t<\/div>\n\t\t<div class=\"elementor-element elementor-element-5427440 e-con-full e-flex e-con e-child\" data-id=\"5427440\" data-element_type=\"container\" data-e-type=\"container\">\n\t\t\t\t<div class=\"elementor-element elementor-element-1275425 elementor-widget elementor-widget-text-editor\" data-id=\"1275425\" data-element_type=\"widget\" data-e-type=\"widget\" data-widget_type=\"text-editor.default\">\n\t\t\t\t<div class=\"elementor-widget-container\">\n\t\t\t\t\t\t\t\t\t<p>\u00a0<\/p><p>\u00a0<\/p><p>\u00a0<\/p><p>\u00a0<\/p><p><a style=\"font-style: inherit; font-weight: inherit; font-family: var( --e-global-typography-text-font-family ), Sans-serif; text-align: var(--text-align); background-color: #34271f;\" href=\"https:\/\/www.delfi.lt\/video\/laidos\/partnerio-turinys\/tinklalaide-prieinamumas-atveria-galimybes-ar-musu-salyje-aplinka-yra-draugiska-zmonems-turintiems-regos-negalia-120057701\">Tinklalaid\u0117 \u201ePrieinamumas atveria galimybes\u201c: ar m\u016bs\u0173 \u0161alyje aplinka yra draugi\u0161ka \u017emon\u0117ms, turintiems regos negali\u0105? (Delfi, Pareng\u0117 Asmens su negalia teisi\u0173 apsaugos agent\u016bra, <\/a><a style=\"font-style: inherit; font-weight: inherit; font-family: var( --e-global-typography-text-font-family ), Sans-serif; text-align: var(--text-align); background-color: #34271f;\" href=\"https:\/\/www.delfi.lt\/video\/laidos\/partnerio-turinys\/tinklalaide-prieinamumas-atveria-galimybes-ar-musu-salyje-aplinka-yra-draugiska-zmonems-turintiems-regos-negalia-120057701\">2024-10-17, VIDEO)<\/a><\/p><p><a href=\"https:\/\/m.kauno.diena.lt\/naujienos\/lietuva\/salies-pulsas\/suo-vedlys-suteikia-daugiau-saugumo-nei-baltoji-lazdele-1189318\">\u0160uo vedlys suteikia daugiau saugumo nei baltoji lazdel\u0117 (Kauno diena, 2024-09-01)<\/a><\/p><p><a href=\"https:\/\/diena.lt\/naujienos\/lietuva\/salies-pulsas\/suo-vedlys-prabanga-ar-butinybe-neregiui-1172684#google_vignette\">\u0160uo vedlys: prabanga ar b\u016btinyb\u0117 neregiui? (diena.lt, 2024-05-06)<\/a><\/p><p><a href=\"https:\/\/m.kauno.diena.lt\/naujienos\/sveikata\/sveikata\/i-krivickaite-apie-suni-vedli-ispeja-apie-pavojus-supranta-suomiskai-ir-jo-negalima-glostyti-1148309\">I. Krivickait\u0117 &#8211; apie \u0161un\u012f vedl\u012f: \u012fsp\u0117ja apie pavojus, supranta suomi\u0161kai ir jo negalima glostyti\u00a0(Kauno diena, 2023-11-15)<\/a><\/p><p><a href=\"https:\/\/www.lrt.lt\/naujienos\/gyvenimas\/13\/1969940\/neigaliuosius-keturkojai-asistentai-islaisvina-nuo-daugelio-kasdieniu-rupesciu-padeda-net-nusimauti-kojines\">Ne\u012fgaliuosius keturkojai asistentai i\u0161laisvina nuo daugelio kasdieni\u0173 r\u016bpes\u010di\u0173 \u2013 padeda net nusimauti kojines (LRT, 2023 04 24)<\/a><\/p>\t\t\t\t\t\t\t\t<\/div>\n\t\t\t\t<\/div>\n\t\t\t\t<\/div>\n\t\t\t\t\t<\/div>\n\t\t\t\t<\/div>\n\t\t\t\t<\/div>","protected":false},"excerpt":{"rendered":"<p>\u0160unis asistentus ir vedlius ruo\u0161ia: \u00a0 Tarnybin\u0117s \u0161unininkyst\u0117s klubas (T\u0160K) Reglamentai ir teisiniai aktai Lietuvos Respublikos asmens su negalia teisi\u0173 apsaugos pagrind\u0173 \u012fstatymas I-2044&nbsp; LKD Terapini\u0173 \u0161un\u0173, \u0161un\u0173 pagalbinink\u0173 ir medicinos paie\u0161kos \u0161un\u0173 parengimo instruktori\u0173 kolegijos reglamentas&nbsp; \u017dmoni\u0173 su negalia teisi\u0173 steb\u0117senos komisija prie Lygi\u0173 galimybi\u0173 kontrolieriaus tarnybos: I\u0160VADA D\u0116L \u0160UN\u0172 PAGALBININK\u0172 (VEDLI\u0172 \/ ASISTENT\u0172) [&hellip;]<\/p>\n","protected":false},"author":1,"featured_media":0,"parent":0,"menu_order":0,"comment_status":"closed","ping_status":"closed","template":"","meta":{"_uag_custom_page_level_css":"","site-sidebar-layout":"no-sidebar","site-content-layout":"page-builder","ast-site-content-layout":"full-width-container","site-content-style":"default","site-sidebar-style":"default","ast-global-header-display":"","ast-banner-title-visibility":"","ast-main-header-display":"","ast-hfb-above-header-display":"","ast-hfb-below-header-display":"","ast-hfb-mobile-header-display":"","site-post-title":"disabled","ast-breadcrumbs-content":"","ast-featured-img":"disabled","footer-sml-layout":"","ast-disable-related-posts":"","theme-transparent-header-meta":"","adv-header-id-meta":"","stick-header-meta":"","header-above-stick-meta":"","header-main-stick-meta":"","header-below-stick-meta":"","astra-migrate-meta-layouts":"default","ast-page-background-enabled":"default","ast-page-background-meta":{"desktop":{"background-color":"","background-image":"","background-repeat":"repeat","background-position":"center center","background-size":"auto","background-attachment":"scroll","background-type":"","background-media":"","overlay-type":"","overlay-color":"","overlay-opacity":"","overlay-gradient":""},"tablet":{"background-color":"","background-image":"","background-repeat":"repeat","background-position":"center center","background-size":"auto","background-attachment":"scroll","background-type":"","background-media":"","overlay-type":"","overlay-color":"","overlay-opacity":"","overlay-gradient":""},"mobile":{"background-color":"","background-image":"","background-repeat":"repeat","background-position":"center center","background-size":"auto","background-attachment":"scroll","background-type":"","background-media":"","overlay-type":"","overlay-color":"","overlay-opacity":"","overlay-gradient":""}},"ast-content-background-meta":{"desktop":{"background-color":"var(--ast-global-color-5)","background-image":"","background-repeat":"repeat","background-position":"center center","background-size":"auto","background-attachment":"scroll","background-type":"","background-media":"","overlay-type":"","overlay-color":"","overlay-opacity":"","overlay-gradient":""},"tablet":{"background-color":"var(--ast-global-color-5)","background-image":"","background-repeat":"repeat","background-position":"center center","background-size":"auto","background-attachment":"scroll","background-type":"","background-media":"","overlay-type":"","overlay-color":"","overlay-opacity":"","overlay-gradient":""},"mobile":{"background-color":"var(--ast-global-color-5)","background-image":"","background-repeat":"repeat","background-position":"center center","background-size":"auto","background-attachment":"scroll","background-type":"","background-media":"","overlay-type":"","overlay-color":"","overlay-opacity":"","overlay-gradient":""}},"footnotes":""},"class_list":["post-1240","page","type-page","status-publish","hentry"],"uagb_featured_image_src":{"full":false,"thumbnail":false,"medium":false,"medium_large":false,"large":false,"1536x1536":false,"2048x2048":false,"trp-custom-language-flag":false},"uagb_author_info":{"display_name":"irina.liuberte","author_link":"https:\/\/xn--unysasistentai-p0c.lt\/en\/author\/irina-liuberte\/"},"uagb_comment_info":0,"uagb_excerpt":"\u0160unis asistentus ir vedlius ruo\u0161ia: \u00a0 Tarnybin\u0117s \u0161unininkyst\u0117s klubas (T\u0160K) Reglamentai ir teisiniai aktai Lietuvos Respublikos asmens su negalia teisi\u0173 apsaugos pagrind\u0173 \u012fstatymas I-2044&nbsp; LKD Terapini\u0173 \u0161un\u0173, \u0161un\u0173 pagalbinink\u0173 ir medicinos paie\u0161kos \u0161un\u0173 parengimo instruktori\u0173 kolegijos reglamentas&nbsp; \u017dmoni\u0173 su negalia teisi\u0173 steb\u0117senos komisija prie Lygi\u0173 galimybi\u0173 kontrolieriaus tarnybos: I\u0160VADA D\u0116L \u0160UN\u0172 PAGALBININK\u0172 (VEDLI\u0172 \/ ASISTENT\u0172)&hellip;","_links":{"self":[{"href":"https:\/\/xn--unysasistentai-p0c.lt\/en\/wp-json\/wp\/v2\/pages\/1240","targetHints":{"allow":["GET"]}}],"collection":[{"href":"https:\/\/xn--unysasistentai-p0c.lt\/en\/wp-json\/wp\/v2\/pages"}],"about":[{"href":"https:\/\/xn--unysasistentai-p0c.lt\/en\/wp-json\/wp\/v2\/types\/page"}],"author":[{"embeddable":true,"href":"https:\/\/xn--unysasistentai-p0c.lt\/en\/wp-json\/wp\/v2\/users\/1"}],"replies":[{"embeddable":true,"href":"https:\/\/xn--unysasistentai-p0c.lt\/en\/wp-json\/wp\/v2\/comments?post=1240"}],"version-history":[{"count":117,"href":"https:\/\/xn--unysasistentai-p0c.lt\/en\/wp-json\/wp\/v2\/pages\/1240\/revisions"}],"predecessor-version":[{"id":1612,"href":"https:\/\/xn--unysasistentai-p0c.lt\/en\/wp-json\/wp\/v2\/pages\/1240\/revisions\/1612"}],"wp:attachment":[{"href":"https:\/\/xn--unysasistentai-p0c.lt\/en\/wp-json\/wp\/v2\/media?parent=1240"}],"curies":[{"name":"wp","href":"https:\/\/api.w.org\/{rel}","templated":true}]}}