{"id":506,"date":"2024-11-01T14:23:52","date_gmt":"2024-11-01T12:23:52","guid":{"rendered":"https:\/\/xn--unysasistentai-p0c.lt\/home\/"},"modified":"2025-04-17T01:41:12","modified_gmt":"2025-04-16T23:41:12","slug":"home","status":"publish","type":"page","link":"https:\/\/xn--unysasistentai-p0c.lt\/en\/","title":{"rendered":"Pagrindinis puslapis"},"content":{"rendered":"<div data-elementor-type=\"wp-page\" data-elementor-id=\"506\" class=\"elementor elementor-506\">\n\t\t\t\t<div class=\"elementor-element elementor-element-a8afc65 e-flex e-con-boxed e-con e-parent\" data-id=\"a8afc65\" data-element_type=\"container\" data-e-type=\"container\">\n\t\t\t\t\t<div class=\"e-con-inner\">\n\t\t\t\t<div class=\"elementor-element elementor-element-20aa39d elementor-widget elementor-widget-html\" data-id=\"20aa39d\" data-element_type=\"widget\" data-e-type=\"widget\" data-widget_type=\"html.default\">\n\t\t\t\t<div class=\"elementor-widget-container\">\n\t\t\t\t\t<br\/>\n<br\/>\n<br\/>\n<br\/>\n\t\t\t\t<\/div>\n\t\t\t\t<\/div>\n\t\t\t\t\t<\/div>\n\t\t\t\t<\/div>\n\t\t<section class=\"elementor-element elementor-element-bf79c37 e-grid e-con-full e-con e-parent\" data-id=\"bf79c37\" data-element_type=\"container\" data-e-type=\"container\">\n\t\t\t\t<div class=\"elementor-element elementor-element-a2d628e elementor-widget elementor-widget-heading\" data-id=\"a2d628e\" data-element_type=\"widget\" data-e-type=\"widget\" data-widget_type=\"heading.default\">\n\t\t\t\t<div class=\"elementor-widget-container\">\n\t\t\t\t\t<h2 class=\"elementor-heading-title elementor-size-default\"><br><br>Help people with disability and assistance dog teams feel they belong<\/h2>\t\t\t\t<\/div>\n\t\t\t\t<\/div>\n\t\t\t\t<div class=\"elementor-element elementor-element-0a64517 elementor-widget elementor-widget-image\" data-id=\"0a64517\" data-element_type=\"widget\" data-e-type=\"widget\" data-widget_type=\"image.default\">\n\t\t\t\t<div class=\"elementor-widget-container\">\n\t\t\t\t\t\t\t\t\t\t\t\t\t\t\t<img fetchpriority=\"high\" decoding=\"async\" width=\"768\" height=\"579\" src=\"https:\/\/xn--unysasistentai-p0c.lt\/wp-content\/uploads\/2024\/11\/2024-10-01-no-background-768x579.png\" class=\"attachment-medium_large size-medium_large wp-image-1119\" alt=\"\" srcset=\"https:\/\/xn--unysasistentai-p0c.lt\/wp-content\/uploads\/2024\/11\/2024-10-01-no-background-768x579.png 768w, https:\/\/xn--unysasistentai-p0c.lt\/wp-content\/uploads\/2024\/11\/2024-10-01-no-background-300x226.webp 300w, https:\/\/xn--unysasistentai-p0c.lt\/wp-content\/uploads\/2024\/11\/2024-10-01-no-background-1024x773.webp 1024w, https:\/\/xn--unysasistentai-p0c.lt\/wp-content\/uploads\/2024\/11\/2024-10-01-no-background-1536x1159.png 1536w, https:\/\/xn--unysasistentai-p0c.lt\/wp-content\/uploads\/2024\/11\/2024-10-01-no-background-16x12.png 16w, https:\/\/xn--unysasistentai-p0c.lt\/wp-content\/uploads\/2024\/11\/2024-10-01-no-background.webp 1920w\" sizes=\"(max-width: 768px) 100vw, 768px\" \/>\t\t\t\t\t\t\t\t\t\t\t\t\t\t\t<\/div>\n\t\t\t\t<\/div>\n\t\t\t\t<\/section>\n\t\t<div class=\"elementor-element elementor-element-2d7e0e2 e-grid e-con-boxed e-con e-parent\" data-id=\"2d7e0e2\" data-element_type=\"container\" data-e-type=\"container\">\n\t\t\t\t\t<div class=\"e-con-inner\">\n\t\t\t\t<div class=\"elementor-element elementor-element-4f621b7 elementor-widget elementor-widget-html\" data-id=\"4f621b7\" data-element_type=\"widget\" data-e-type=\"widget\" data-widget_type=\"html.default\">\n\t\t\t\t<div class=\"elementor-widget-container\">\n\t\t\t\t\t<iframe src=\"https:\/\/www.facebook.com\/plugins\/post.php?href=https%3A%2F%2Fwww.facebook.com%2Fpermalink.php%3Fstory_fbid%3Dpfbid02UfBnh2D2NKS6K5VSkZHoo2US6gNVhdatV8r7K3B8wJisnnxavCzdGse1o2cBX2ZPl%26id%3D61565925149868&show_text=false&width=500\" width=\"500\" height=\"336\" style=\"border:none;overflow:hidden\" scrolling=\"no\" frameborder=\"0\" allowfullscreen=\"true\" allow=\"autoplay; clipboard-write; encrypted-media; picture-in-picture; web-share\"><\/iframe>\t\t\t\t<\/div>\n\t\t\t\t<\/div>\n\t\t\t\t<div class=\"elementor-element elementor-element-e557f25 elementor-widget elementor-widget-html\" data-id=\"e557f25\" data-element_type=\"widget\" data-e-type=\"widget\" data-widget_type=\"html.default\">\n\t\t\t\t<div class=\"elementor-widget-container\">\n\t\t\t\t\t<iframe src=\"https:\/\/www.facebook.com\/plugins\/post.php?href=https%3A%2F%2Fwww.facebook.com%2Fpermalink.php%3Fstory_fbid%3Dpfbid0327S34PJPrRuep8W3wo3fRyBgoZSeQact9VUXxNLv9UCvn5rv9zKquf415c78rrNXl%26id%3D61565925149868&show_text=false&width=500\" width=\"500\" height=\"333\" style=\"border:none;overflow:hidden\" scrolling=\"no\" frameborder=\"0\" allowfullscreen=\"true\" allow=\"autoplay; clipboard-write; encrypted-media; picture-in-picture; web-share\"><\/iframe>\t\t\t\t<\/div>\n\t\t\t\t<\/div>\n\t\t\t\t\t<\/div>\n\t\t\t\t<\/div>\n\t\t<div class=\"elementor-element elementor-element-6b6151b e-con-full e-flex e-con e-parent\" data-id=\"6b6151b\" data-element_type=\"container\" data-e-type=\"container\" data-settings=\"{&quot;background_background&quot;:&quot;classic&quot;}\">\n\t\t\t\t<div class=\"elementor-element elementor-element-a6e4799 elementor-widget elementor-widget-text-editor\" data-id=\"a6e4799\" data-element_type=\"widget\" data-e-type=\"widget\" data-widget_type=\"text-editor.default\">\n\t\t\t\t<div class=\"elementor-widget-container\">\n\t\t\t\t\t\t\t\t\t<div class=\"wp-block-uagb-container uagb-block-96fcfe27 alignfull uagb-is-root-container\">\n<div class=\"uagb-container-inner-blocks-wrap\">\n<div class=\"wp-block-uagb-container uagb-block-cc488c9f\">\n<div class=\"wp-block-uagb-info-box uagb-block-a06f2bea uagb-infobox__content-wrap uagb-infobox-icon-above-title uagb-infobox-image-valign-top\">\n<div class=\"uagb-ifb-content\">\n<div class=\"uagb-ifb-title-wrap\">\n<h2 class=\"uagb-ifb-title\" style=\"text-align: center;\">Our activities<\/h2>\n<\/div>\n<p class=\"uagb-ifb-desc\" style=\"text-align: center;\">Kuriame visuomenei, mokslo \u012fstaigoms ir darbdaviams prieinam\u0105 turin\u012f apie \u0161unis asistentus ir vedlius ir bendradarbiaujame su \u012fvairiomis organizacijomis siekdami didinti \u0161un\u0173 asistent\u0173 \u017einomum\u0105 bei prieinamum\u0105 negali\u0105 turintiems \u017emon\u0117ms.<\/p>\n<\/div>\n<\/div>\n<\/div>\n<\/div>\n<\/div>\t\t\t\t\t\t\t\t<\/div>\n\t\t\t\t<\/div>\n\t\t<div class=\"elementor-element elementor-element-a66d102 e-con-full e-grid e-con e-child\" data-id=\"a66d102\" data-element_type=\"container\" data-e-type=\"container\">\n\t\t\t\t<div class=\"elementor-element elementor-element-8dd25df elementor-widget elementor-widget-text-editor\" data-id=\"8dd25df\" data-element_type=\"widget\" data-e-type=\"widget\" data-widget_type=\"text-editor.default\">\n\t\t\t\t<div class=\"elementor-widget-container\">\n\t\t\t\t\t\t\t\t\t<div>\n<h3>Visuomen\u0117s \u0161vietimas<\/h3>\n<\/div>\n<p>Kuriame ir platiname pla\u010diai auditorijai prieinam\u0105 turin\u012f apie \u0161unis asistentus ir\u00a0 bendradarbiaujame su \u012fvairiomis organizacijomis u\u017esiima\u010diomis \u0161vie\u010diam\u0105ja veikla. Tuo siekiame didinti \u0161un\u0173 asistent\u0173 \u017einomum\u0105 bei prieinamum\u0105 negali\u0105 turintiems asmenims.<\/p>\t\t\t\t\t\t\t\t<\/div>\n\t\t\t\t<\/div>\n\t\t\t\t<div class=\"elementor-element elementor-element-051ae27 elementor-widget elementor-widget-text-editor\" data-id=\"051ae27\" data-element_type=\"widget\" data-e-type=\"widget\" data-widget_type=\"text-editor.default\">\n\t\t\t\t<div class=\"elementor-widget-container\">\n\t\t\t\t\t\t\t\t\t<div class=\"uagb-ifb-title-wrap\">\n<h3 class=\"uagb-ifb-title\">Darbdavi\u0173 ir kit\u0173 suinteresuot\u0173 \u0161ali\u0173 mokymai<\/h3>\n<\/div>\n<p class=\"uagb-ifb-desc\">Atvykstame \u012f \u012fmon\u0119, gydymo \u012fstaig\u0105, universitet\u0105, mokykl\u0105 ar kit\u0105 \u012fstaig\u0105 ir supa\u017eindiname su tuo, kas yra \u0161unys asistentai, kuo jie naudingi negali\u0105 turintiems asmenims bei \u012fmon\u0117m\/institucijoms, kokius su negalia susijusius i\u0161\u0161\u016bkius jie gali pad\u0117ti spr\u0119sti.<\/p>\t\t\t\t\t\t\t\t<\/div>\n\t\t\t\t<\/div>\n\t\t\t\t<div class=\"elementor-element elementor-element-c0e79c9 elementor-widget elementor-widget-text-editor\" data-id=\"c0e79c9\" data-element_type=\"widget\" data-e-type=\"widget\" data-widget_type=\"text-editor.default\">\n\t\t\t\t<div class=\"elementor-widget-container\">\n\t\t\t\t\t\t\t\t\t<h3 class=\"uagb-ifb-title\">Mokslin\u0117 veikla<\/h3>\n<div class=\"uagb-ifb-title-wrap\">\u00a0<\/div>\n<p class=\"uagb-ifb-desc\">Inicijuojame ir vykdome mokslinius tyrimus, kurie pad\u0117t\u0173 moksli\u0161kai pagr\u012fsti \u0161un\u0173 asistent\u0173 vert\u0119 darbo ir studij\u0173 procese.<\/p>\t\t\t\t\t\t\t\t<\/div>\n\t\t\t\t<\/div>\n\t\t\t\t<\/div>\n\t\t\t\t<\/div>\n\t\t<div class=\"elementor-element elementor-element-32d69a8 e-grid e-con-boxed e-con e-parent\" data-id=\"32d69a8\" data-element_type=\"container\" data-e-type=\"container\">\n\t\t\t\t\t<div class=\"e-con-inner\">\n\t\t\t\t<div class=\"elementor-element elementor-element-f2de102 elementor-widget elementor-widget-image\" data-id=\"f2de102\" data-element_type=\"widget\" data-e-type=\"widget\" data-widget_type=\"image.default\">\n\t\t\t\t<div class=\"elementor-widget-container\">\n\t\t\t\t\t\t\t\t\t\t\t\t\t\t\t<img decoding=\"async\" width=\"281\" height=\"300\" src=\"https:\/\/xn--unysasistentai-p0c.lt\/wp-content\/uploads\/2024\/11\/maza-aura-2-Photoroom-no-background-281x300.webp\" class=\"attachment-medium size-medium wp-image-1214\" alt=\"\" srcset=\"https:\/\/xn--unysasistentai-p0c.lt\/wp-content\/uploads\/2024\/11\/maza-aura-2-Photoroom-no-background-281x300.webp 281w, https:\/\/xn--unysasistentai-p0c.lt\/wp-content\/uploads\/2024\/11\/maza-aura-2-Photoroom-no-background-11x12.webp 11w, https:\/\/xn--unysasistentai-p0c.lt\/wp-content\/uploads\/2024\/11\/maza-aura-2-Photoroom-no-background.webp 476w\" sizes=\"(max-width: 281px) 100vw, 281px\" \/>\t\t\t\t\t\t\t\t\t\t\t\t\t\t\t<\/div>\n\t\t\t\t<\/div>\n\t\t\t\t<div class=\"elementor-element elementor-element-58ccbb2 elementor-widget elementor-widget-text-editor\" data-id=\"58ccbb2\" data-element_type=\"widget\" data-e-type=\"widget\" data-widget_type=\"text-editor.default\">\n\t\t\t\t<div class=\"elementor-widget-container\">\n\t\t\t\t\t\t\t\t\t<div class=\"wp-block-uagb-image uagb-block-85a3b46a wp-block-uagb-image--layout-default wp-block-uagb-image--effect-static wp-block-uagb-image--align-none\">\u00a0<\/div>\n<p><!-- \/wp:uagb\/image --><!-- wp:uagb\/info-box {\"inheritFromTheme\":true,\"classMigrate\":true,\"tempHeadingDesc\":\"Rem ridi culus pharetra eligendi labore nulla explicabo sem! Modi ipsa, dolores cupiditate elementum molestias dis animi, consequ untur pulvinar, fringilla ducimus facilisis habitant, irure erure? Fringilla metus nulla expli cabo sem!\",\"headingAlign\":\"left\",\"headingAlignTablet\":\"left\",\"headingAlignMobile\":\"center\",\"subHeadingColor\":\"\",\"prefixColor\":\"\",\"prefixFontWeight\":\"\",\"prefixHeadingTag\":\"h3\",\"headingTag\":\"h2\",\"headLineHeight\":1.1,\"headSpace\":30,\"subHeadSpace\":40,\"block_id\":\"8d82f49e\",\"ctaIcon\":\"caret-right\",\"ctaType\":\"button\",\"ctaText\":\"Know More\",\"ctaLink\":\"#\",\"ctaBtnLinkColor\":\"\",\"ctaBgColor\":\"\",\"ctaBorderColor\":\"\",\"ctaBorderStyle\":\"\",\"iconLeftMargin\":0,\"iconRightMargin\":0,\"showPrefix\":true,\"showIcon\":false,\"paddingBtnTop\":15,\"paddingBtnBottom\":15,\"paddingBtnLeft\":36,\"paddingBtnRight\":36,\"prefixTopMargin\":0,\"prefixRightMargin\":0,\"prefixSpace\":30,\"prefixLeftMargin\":0,\"btnBorderTopWidth\":1,\"btnBorderLeftWidth\":1,\"btnBorderRightWidth\":1,\"btnBorderBottomWidth\":1,\"btnBorderStyle\":\"default\",\"btnBorderColor\":\"#333\"} --><\/p>\n<div class=\"wp-block-uagb-info-box uagb-block-8d82f49e uagb-infobox__content-wrap uagb-infobox-icon-above-title uagb-infobox-image-valign-top\">\n<div class=\"uagb-ifb-content\">\n<div class=\"uagb-ifb-title-wrap\">\n<h3 class=\"uagb-ifb-title-prefix\"><span style=\"color: #ffcc99;\">Our story<\/span><\/h3>\n<\/div>\n<p class=\"uagb-ifb-desc\">\u00a0<\/p>\n<div class=\"uagb-ifb-button-wrapper wp-block-button\"><a class=\"uagb-infobox-cta-link wp-block-button__link\" href=\"https:\/\/xn--unysasistentai-p0c.lt\/en\/who-we-are\/\" target=\"_self\" rel=\"noopener noreferrer\"><span class=\"uagb-inline-editing\">Read more...<\/span><\/a><\/div>\n<\/div>\n<\/div>\t\t\t\t\t\t\t\t<\/div>\n\t\t\t\t<\/div>\n\t\t\t\t\t<\/div>\n\t\t\t\t<\/div>\n\t\t<div class=\"elementor-element elementor-element-1a7ad52 e-flex e-con-boxed e-con e-parent\" data-id=\"1a7ad52\" data-element_type=\"container\" data-e-type=\"container\">\n\t\t\t\t\t<div class=\"e-con-inner\">\n\t\t\t\t<div class=\"elementor-element elementor-element-e5188e7 elementor-shape-rounded elementor-grid-0 e-grid-align-center elementor-widget elementor-widget-social-icons\" data-id=\"e5188e7\" data-element_type=\"widget\" data-e-type=\"widget\" data-widget_type=\"social-icons.default\">\n\t\t\t\t<div class=\"elementor-widget-container\">\n\t\t\t\t\t\t\t<div class=\"elementor-social-icons-wrapper elementor-grid\" role=\"list\">\n\t\t\t\t\t\t\t<span class=\"elementor-grid-item\" role=\"listitem\">\n\t\t\t\t\t<a class=\"elementor-icon elementor-social-icon elementor-social-icon-facebook elementor-repeater-item-f9ad820\" target=\"_blank\">\n\t\t\t\t\t\t<span class=\"elementor-screen-only\">Facebook<\/span>\n\t\t\t\t\t\t<svg aria-hidden=\"true\" class=\"e-font-icon-svg e-fab-facebook\" viewbox=\"0 0 512 512\" xmlns=\"http:\/\/www.w3.org\/2000\/svg\"><path d=\"M504 256C504 119 393 8 256 8S8 119 8 256c0 123.78 90.69 226.38 209.25 245V327.69h-63V256h63v-54.64c0-62.15 37-96.48 93.67-96.48 27.14 0 55.52 4.84 55.52 4.84v61h-31.28c-30.8 0-40.41 19.12-40.41 38.73V256h68.78l-11 71.69h-57.78V501C413.31 482.38 504 379.78 504 256z\"><\/path><\/svg>\t\t\t\t\t<\/a>\n\t\t\t\t<\/span>\n\t\t\t\t\t\t\t<span class=\"elementor-grid-item\" role=\"listitem\">\n\t\t\t\t\t<a class=\"elementor-icon elementor-social-icon elementor-social-icon-twitter elementor-repeater-item-432d26b\" target=\"_blank\">\n\t\t\t\t\t\t<span class=\"elementor-screen-only\">Twitter<\/span>\n\t\t\t\t\t\t<svg aria-hidden=\"true\" class=\"e-font-icon-svg e-fab-twitter\" viewbox=\"0 0 512 512\" xmlns=\"http:\/\/www.w3.org\/2000\/svg\"><path d=\"M459.37 151.716c.325 4.548.325 9.097.325 13.645 0 138.72-105.583 298.558-298.558 298.558-59.452 0-114.68-17.219-161.137-47.106 8.447.974 16.568 1.299 25.34 1.299 49.055 0 94.213-16.568 130.274-44.832-46.132-.975-84.792-31.188-98.112-72.772 6.498.974 12.995 1.624 19.818 1.624 9.421 0 18.843-1.3 27.614-3.573-48.081-9.747-84.143-51.98-84.143-102.985v-1.299c13.969 7.797 30.214 12.67 47.431 13.319-28.264-18.843-46.781-51.005-46.781-87.391 0-19.492 5.197-37.36 14.294-52.954 51.655 63.675 129.3 105.258 216.365 109.807-1.624-7.797-2.599-15.918-2.599-24.04 0-57.828 46.782-104.934 104.934-104.934 30.213 0 57.502 12.67 76.67 33.137 23.715-4.548 46.456-13.32 66.599-25.34-7.798 24.366-24.366 44.833-46.132 57.827 21.117-2.273 41.584-8.122 60.426-16.243-14.292 20.791-32.161 39.308-52.628 54.253z\"><\/path><\/svg>\t\t\t\t\t<\/a>\n\t\t\t\t<\/span>\n\t\t\t\t\t\t\t<span class=\"elementor-grid-item\" role=\"listitem\">\n\t\t\t\t\t<a class=\"elementor-icon elementor-social-icon elementor-social-icon-youtube elementor-repeater-item-5acf27c\" target=\"_blank\">\n\t\t\t\t\t\t<span class=\"elementor-screen-only\">Youtube<\/span>\n\t\t\t\t\t\t<svg aria-hidden=\"true\" class=\"e-font-icon-svg e-fab-youtube\" viewbox=\"0 0 576 512\" xmlns=\"http:\/\/www.w3.org\/2000\/svg\"><path d=\"M549.655 124.083c-6.281-23.65-24.787-42.276-48.284-48.597C458.781 64 288 64 288 64S117.22 64 74.629 75.486c-23.497 6.322-42.003 24.947-48.284 48.597-11.412 42.867-11.412 132.305-11.412 132.305s0 89.438 11.412 132.305c6.281 23.65 24.787 41.5 48.284 47.821C117.22 448 288 448 288 448s170.78 0 213.371-11.486c23.497-6.321 42.003-24.171 48.284-47.821 11.412-42.867 11.412-132.305 11.412-132.305s0-89.438-11.412-132.305zm-317.51 213.508V175.185l142.739 81.205-142.739 81.201z\"><\/path><\/svg>\t\t\t\t\t<\/a>\n\t\t\t\t<\/span>\n\t\t\t\t\t<\/div>\n\t\t\t\t\t\t<\/div>\n\t\t\t\t<\/div>\n\t\t\t\t\t<\/div>\n\t\t\t\t<\/div>\n\t\t\t\t<\/div>","protected":false},"excerpt":{"rendered":"<p>\u0160uo asistentas &#8211; galimyb\u0117 \u017emogui su negalia gyventi visavert\u012f gyvenim\u0105 M\u016bs\u0173 veikla Kuriame visuomenei, mokslo \u012fstaigoms ir darbdaviams prieinam\u0105 turin\u012f apie \u0161unis asistentus ir vedlius ir bendradarbiaujame su \u012fvairiomis organizacijomis siekdami didinti \u0161un\u0173 asistent\u0173 \u017einomum\u0105 bei prieinamum\u0105 negali\u0105 turintiems \u017emon\u0117ms. Visuomen\u0117s \u0161vietimas Kuriame ir platiname pla\u010diai auditorijai prieinam\u0105 turin\u012f apie \u0161unis asistentus ir\u00a0 bendradarbiaujame su [&hellip;]<\/p>\n","protected":false},"author":1,"featured_media":0,"parent":0,"menu_order":0,"comment_status":"closed","ping_status":"closed","template":"","meta":{"_uag_custom_page_level_css":"","site-sidebar-layout":"no-sidebar","site-content-layout":"page-builder","ast-site-content-layout":"full-width-container","site-content-style":"unboxed","site-sidebar-style":"unboxed","ast-global-header-display":"","ast-banner-title-visibility":"","ast-main-header-display":"","ast-hfb-above-header-display":"","ast-hfb-below-header-display":"","ast-hfb-mobile-header-display":"","site-post-title":"disabled","ast-breadcrumbs-content":"","ast-featured-img":"disabled","footer-sml-layout":"","ast-disable-related-posts":"","theme-transparent-header-meta":"enabled","adv-header-id-meta":"","stick-header-meta":"","header-above-stick-meta":"","header-main-stick-meta":"","header-below-stick-meta":"","astra-migrate-meta-layouts":"set","ast-page-background-enabled":"default","ast-page-background-meta":{"desktop":{"background-color":"","background-image":"","background-repeat":"repeat","background-position":"center center","background-size":"auto","background-attachment":"scroll","background-type":"","background-media":"","overlay-type":"","overlay-color":"","overlay-opacity":"","overlay-gradient":""},"tablet":{"background-color":"","background-image":"","background-repeat":"repeat","background-position":"center center","background-size":"auto","background-attachment":"scroll","background-type":"","background-media":"","overlay-type":"","overlay-color":"","overlay-opacity":"","overlay-gradient":""},"mobile":{"background-color":"","background-image":"","background-repeat":"repeat","background-position":"center center","background-size":"auto","background-attachment":"scroll","background-type":"","background-media":"","overlay-type":"","overlay-color":"","overlay-opacity":"","overlay-gradient":""}},"ast-content-background-meta":{"desktop":{"background-color":"var(--ast-global-color-5)","background-image":"","background-repeat":"repeat","background-position":"center center","background-size":"auto","background-attachment":"scroll","background-type":"","background-media":"","overlay-type":"","overlay-color":"","overlay-opacity":"","overlay-gradient":""},"tablet":{"background-color":"var(--ast-global-color-5)","background-image":"","background-repeat":"repeat","background-position":"center center","background-size":"auto","background-attachment":"scroll","background-type":"","background-media":"","overlay-type":"","overlay-color":"","overlay-opacity":"","overlay-gradient":""},"mobile":{"background-color":"var(--ast-global-color-5)","background-image":"","background-repeat":"repeat","background-position":"center center","background-size":"auto","background-attachment":"scroll","background-type":"","background-media":"","overlay-type":"","overlay-color":"","overlay-opacity":"","overlay-gradient":""}},"footnotes":""},"class_list":["post-506","page","type-page","status-publish","hentry"],"uagb_featured_image_src":{"full":false,"thumbnail":false,"medium":false,"medium_large":false,"large":false,"1536x1536":false,"2048x2048":false,"trp-custom-language-flag":false},"uagb_author_info":{"display_name":"irina.liuberte","author_link":"https:\/\/xn--unysasistentai-p0c.lt\/en\/author\/irina-liuberte\/"},"uagb_comment_info":0,"uagb_excerpt":"\u0160uo asistentas &#8211; galimyb\u0117 \u017emogui su negalia gyventi visavert\u012f gyvenim\u0105 M\u016bs\u0173 veikla Kuriame visuomenei, mokslo \u012fstaigoms ir darbdaviams prieinam\u0105 turin\u012f apie \u0161unis asistentus ir vedlius ir bendradarbiaujame su \u012fvairiomis organizacijomis siekdami didinti \u0161un\u0173 asistent\u0173 \u017einomum\u0105 bei prieinamum\u0105 negali\u0105 turintiems \u017emon\u0117ms. Visuomen\u0117s \u0161vietimas Kuriame ir platiname pla\u010diai auditorijai prieinam\u0105 turin\u012f apie \u0161unis asistentus ir\u00a0 bendradarbiaujame su&hellip;","_links":{"self":[{"href":"https:\/\/xn--unysasistentai-p0c.lt\/en\/wp-json\/wp\/v2\/pages\/506","targetHints":{"allow":["GET"]}}],"collection":[{"href":"https:\/\/xn--unysasistentai-p0c.lt\/en\/wp-json\/wp\/v2\/pages"}],"about":[{"href":"https:\/\/xn--unysasistentai-p0c.lt\/en\/wp-json\/wp\/v2\/types\/page"}],"author":[{"embeddable":true,"href":"https:\/\/xn--unysasistentai-p0c.lt\/en\/wp-json\/wp\/v2\/users\/1"}],"replies":[{"embeddable":true,"href":"https:\/\/xn--unysasistentai-p0c.lt\/en\/wp-json\/wp\/v2\/comments?post=506"}],"version-history":[{"count":195,"href":"https:\/\/xn--unysasistentai-p0c.lt\/en\/wp-json\/wp\/v2\/pages\/506\/revisions"}],"predecessor-version":[{"id":1680,"href":"https:\/\/xn--unysasistentai-p0c.lt\/en\/wp-json\/wp\/v2\/pages\/506\/revisions\/1680"}],"wp:attachment":[{"href":"https:\/\/xn--unysasistentai-p0c.lt\/en\/wp-json\/wp\/v2\/media?parent=506"}],"curies":[{"name":"wp","href":"https:\/\/api.w.org\/{rel}","templated":true}]}}