{"id":508,"date":"2024-11-01T14:23:53","date_gmt":"2024-11-01T12:23:53","guid":{"rendered":"https:\/\/xn--unysasistentai-p0c.lt\/who-we-are\/"},"modified":"2024-11-01T22:15:12","modified_gmt":"2024-11-01T20:15:12","slug":"who-we-are","status":"publish","type":"page","link":"https:\/\/xn--unysasistentai-p0c.lt\/en\/who-we-are\/","title":{"rendered":"Who We Are"},"content":{"rendered":"<div data-elementor-type=\"wp-page\" data-elementor-id=\"508\" class=\"elementor elementor-508\">\n\t\t\t\t<\/p>\n<div class=\"wp-block-uagb-container uagb-layout-grid uagb-block-ff0a2aeb alignfull uagb-is-root-container\">\n<div class=\"uagb-container-inner-blocks-wrap\">\n<p><\/p>\n<div class=\"wp-block-uagb-container uagb-block-b655ec3c\">\n<p><\/p>\n<div class=\"wp-block-uagb-advanced-heading uagb-block-8f2f4713\">\n<h1 class=\"uagb-heading-text\">M\u016bs\u0173 istorija<\/h1>\n<\/div>\n<p><\/p>\n<div class=\"wp-block-uagb-image uagb-block-2701f887 wp-block-uagb-image--layout-default wp-block-uagb-image--effect-static wp-block-uagb-image--align-none\"><span style=\"color: #7a7a7a; font-family: Roboto, sans-serif; font-size: 16px; text-align: var(--text-align);\">Informacija ruo\u0161iama<\/span><\/div>\n<\/div>\n<\/div>\n<\/div>\n<div class=\"wp-block-uagb-container uagb-block-f951b4dd alignfull uagb-is-root-container\">\n<div class=\"uagb-container-inner-blocks-wrap\">\n<div class=\"wp-block-uagb-container uagb-block-2f06d2fb\">\n<div class=\"wp-block-uagb-image uagb-block-a267ef81 wp-block-uagb-image--layout-default wp-block-uagb-image--effect-static wp-block-uagb-image--align-none\">\n<figure class=\"wp-block-uagb-image__figure\"><\/figure>\n<\/div>\n<\/div>\n<\/div>\n<\/div>\n<p><\/p>\t\t\t\t\t\t\t\t<\/div>\n\t\t\t\t<\/div>\n\t\t\t\t\t<\/div>\n\t\t\t\t<\/div>\n\t\t<div class=\"elementor-element elementor-element-1173f57b e-flex e-con-boxed e-con e-parent\" data-id=\"1173f57b\" data-element_type=\"container\" data-e-type=\"container\">\n\t\t\t\t\t<div class=\"e-con-inner\">\n\t\t\t\t<div class=\"elementor-element elementor-element-406aa424 elementor-widget elementor-widget-text-editor\" data-id=\"406aa424\" data-element_type=\"widget\" data-e-type=\"widget\" data-widget_type=\"text-editor.default\">\n\t\t\t\t<div class=\"elementor-widget-container\">\n\t\t\t\t\t\t\t\t\t<p><\/p>\n<div class=\"wp-block-uagb-container uagb-layout-grid uagb-block-ff0a2aeb alignfull uagb-is-root-container\">\n<div class=\"uagb-container-inner-blocks-wrap\">\n<p><!-- wp:uagb\/container {\"block_id\":\"b655ec3c\",\"widthDesktop\":50,\"alignItemsDesktop\":\"stretch\",\"borderStyle\":\"\",\"topPaddingMobile\":40,\"bottomPaddingMobile\":0,\"leftPaddingMobile\":0,\"rightPaddingMobile\":0,\"paddingLink\":false,\"topMarginMobile\":0,\"bottomMarginMobile\":0,\"leftMarginMobile\":0,\"rightMarginMobile\":0,\"marginLink\":false,\"variationSelected\":true,\"rowGapDesktop\":0,\"widthSetByUser\":true,\"equalHeight\":true,\"isGridCssInParent\":true} --><\/p>\n<div class=\"wp-block-uagb-container uagb-block-b655ec3c\">\n<p><!-- wp:uagb\/advanced-heading {\"block_id\":\"8f2f4713\",\"classMigrate\":true,\"headingAlignMobile\":\"center\",\"headingTag\":\"h1\",\"blockBottomPaddingMobile\":26} --><\/p>\n<div class=\"wp-block-uagb-advanced-heading uagb-block-8f2f4713\">\n<h1 class=\"uagb-heading-text\">M\u016bs\u0173 istorija<\/h1>\n<\/div>\n<p><!-- \/wp:uagb\/advanced-heading --><!-- wp:uagb\/image {\"block_id\":\"2701f887\",\"url\":\"https:\/\/xn--unysasistentai-p0c.lt\/wp-content\/uploads\/2020\/08\/founders-free-img.jpg\",\"urlTablet\":\"https:\/\/xn--unysasistentai-p0c.lt\/wp-content\/uploads\/2020\/08\/founders-free-img.jpg\",\"urlMobile\":\"https:\/\/xn--unysasistentai-p0c.lt\/wp-content\/uploads\/2020\/08\/founders-free-img.jpg\",\"id\":581,\"linkDestination\":\"none\",\"title\":\"founders-free-img\",\"width\":600,\"height\":472,\"naturalWidth\":540,\"naturalHeight\":425,\"sizeSlug\":\"custom\",\"sizeSlugTablet\":\"full\",\"sizeSlugMobile\":\"full\",\"imageTopMargin\":100,\"imageRightMargin\":0,\"imageLeftMargin\":0,\"imageBottomMargin\":0,\"imageTopMarginTablet\":20,\"imageRightMarginTablet\":0,\"imageLeftMarginTablet\":0,\"imageBottomMarginTablet\":0,\"imageMarginLink\":false,\"objectFit\":\"cover\",\"customHeightSetDesktop\":true} --><\/p>\n<div class=\"wp-block-uagb-image uagb-block-2701f887 wp-block-uagb-image--layout-default wp-block-uagb-image--effect-static wp-block-uagb-image--align-none\"><span style=\"color: #7a7a7a; font-family: Roboto, sans-serif; font-size: 16px; text-align: var(--text-align);\">Informacija ruo\u0161iama<\/span><\/div>\n<\/div>\n<\/div>\n<\/div>\n<div class=\"wp-block-uagb-container uagb-block-f951b4dd alignfull uagb-is-root-container\">\n<div class=\"uagb-container-inner-blocks-wrap\">\n<div class=\"wp-block-uagb-container uagb-block-2f06d2fb\">\n<div class=\"wp-block-uagb-image uagb-block-a267ef81 wp-block-uagb-image--layout-default wp-block-uagb-image--effect-static wp-block-uagb-image--align-none\">\n<figure class=\"wp-block-uagb-image__figure\"><\/figure>\n<\/div>\n<\/div>\n<\/div>\n<\/div>\n<p><!-- \/wp:uagb\/container --><\/p>\t\t\t\t\t\t\t\t<\/div>\n\t\t\t\t<\/div>\n\t\t\t\t\t<\/div>\n\t\t\t\t<\/div>\n\t\t\t\t<\/div>","protected":false},"excerpt":{"rendered":"<p>M\u016bs\u0173 istorija M\u016bs\u0173 istorija Informacija ruo\u0161iama<\/p>","protected":false},"author":1,"featured_media":0,"parent":0,"menu_order":0,"comment_status":"closed","ping_status":"closed","template":"","meta":{"_uag_custom_page_level_css":"","site-sidebar-layout":"no-sidebar","site-content-layout":"page-builder","ast-site-content-layout":"full-width-container","site-content-style":"unboxed","site-sidebar-style":"unboxed","ast-global-header-display":"","ast-banner-title-visibility":"","ast-main-header-display":"","ast-hfb-above-header-display":"","ast-hfb-below-header-display":"","ast-hfb-mobile-header-display":"","site-post-title":"disabled","ast-breadcrumbs-content":"","ast-featured-img":"disabled","footer-sml-layout":"","ast-disable-related-posts":"","theme-transparent-header-meta":"default","adv-header-id-meta":"","stick-header-meta":"","header-above-stick-meta":"","header-main-stick-meta":"","header-below-stick-meta":"","astra-migrate-meta-layouts":"set","ast-page-background-enabled":"default","ast-page-background-meta":{"desktop":{"background-color":"","background-image":"","background-repeat":"repeat","background-position":"center center","background-size":"auto","background-attachment":"scroll","background-type":"","background-media":"","overlay-type":"","overlay-color":"","overlay-opacity":"","overlay-gradient":""},"tablet":{"background-color":"","background-image":"","background-repeat":"repeat","background-position":"center center","background-size":"auto","background-attachment":"scroll","background-type":"","background-media":"","overlay-type":"","overlay-color":"","overlay-opacity":"","overlay-gradient":""},"mobile":{"background-color":"","background-image":"","background-repeat":"repeat","background-position":"center center","background-size":"auto","background-attachment":"scroll","background-type":"","background-media":"","overlay-type":"","overlay-color":"","overlay-opacity":"","overlay-gradient":""}},"ast-content-background-meta":{"desktop":{"background-color":"var(--ast-global-color-5)","background-image":"","background-repeat":"repeat","background-position":"center center","background-size":"auto","background-attachment":"scroll","background-type":"","background-media":"","overlay-type":"","overlay-color":"","overlay-opacity":"","overlay-gradient":""},"tablet":{"background-color":"var(--ast-global-color-5)","background-image":"","background-repeat":"repeat","background-position":"center center","background-size":"auto","background-attachment":"scroll","background-type":"","background-media":"","overlay-type":"","overlay-color":"","overlay-opacity":"","overlay-gradient":""},"mobile":{"background-color":"var(--ast-global-color-5)","background-image":"","background-repeat":"repeat","background-position":"center center","background-size":"auto","background-attachment":"scroll","background-type":"","background-media":"","overlay-type":"","overlay-color":"","overlay-opacity":"","overlay-gradient":""}},"footnotes":""},"class_list":["post-508","page","type-page","status-publish","hentry"],"uagb_featured_image_src":{"full":false,"thumbnail":false,"medium":false,"medium_large":false,"large":false,"1536x1536":false,"2048x2048":false,"trp-custom-language-flag":false},"uagb_author_info":{"display_name":"irina.liuberte","author_link":"https:\/\/xn--unysasistentai-p0c.lt\/en\/author\/irina-liuberte\/"},"uagb_comment_info":0,"uagb_excerpt":"M\u016bs\u0173 istorija M\u016bs\u0173 istorija Informacija ruo\u0161iama","_links":{"self":[{"href":"https:\/\/xn--unysasistentai-p0c.lt\/en\/wp-json\/wp\/v2\/pages\/508","targetHints":{"allow":["GET"]}}],"collection":[{"href":"https:\/\/xn--unysasistentai-p0c.lt\/en\/wp-json\/wp\/v2\/pages"}],"about":[{"href":"https:\/\/xn--unysasistentai-p0c.lt\/en\/wp-json\/wp\/v2\/types\/page"}],"author":[{"embeddable":true,"href":"https:\/\/xn--unysasistentai-p0c.lt\/en\/wp-json\/wp\/v2\/users\/1"}],"replies":[{"embeddable":true,"href":"https:\/\/xn--unysasistentai-p0c.lt\/en\/wp-json\/wp\/v2\/comments?post=508"}],"version-history":[{"count":4,"href":"https:\/\/xn--unysasistentai-p0c.lt\/en\/wp-json\/wp\/v2\/pages\/508\/revisions"}],"predecessor-version":[{"id":1268,"href":"https:\/\/xn--unysasistentai-p0c.lt\/en\/wp-json\/wp\/v2\/pages\/508\/revisions\/1268"}],"wp:attachment":[{"href":"https:\/\/xn--unysasistentai-p0c.lt\/en\/wp-json\/wp\/v2\/media?parent=508"}],"curies":[{"name":"wp","href":"https:\/\/api.w.org\/{rel}","templated":true}]}}