{"id":509,"date":"2024-11-01T14:23:53","date_gmt":"2024-11-01T12:23:53","guid":{"rendered":"https:\/\/xn--unysasistentai-p0c.lt\/services\/"},"modified":"2025-05-19T21:17:28","modified_gmt":"2025-05-19T19:17:28","slug":"services","status":"publish","type":"page","link":"https:\/\/xn--unysasistentai-p0c.lt\/en\/services\/","title":{"rendered":"Services"},"content":{"rendered":"<div data-elementor-type=\"wp-page\" data-elementor-id=\"509\" class=\"elementor elementor-509\">\n\t\t\t\t<div class=\"elementor-element elementor-element-7d6ceb0c e-flex e-con-boxed e-con e-parent\" data-id=\"7d6ceb0c\" data-element_type=\"container\" data-e-type=\"container\">\n\t\t\t\t\t<div class=\"e-con-inner\">\n\t\t<div class=\"elementor-element elementor-element-9ec2aad e-con-full e-flex e-con e-child\" data-id=\"9ec2aad\" data-element_type=\"container\" data-e-type=\"container\">\n\t\t\t\t<\/div>\n\t\t\t\t<div class=\"elementor-element elementor-element-dabe4b6 elementor-widget elementor-widget-text-editor\" data-id=\"dabe4b6\" data-element_type=\"widget\" data-e-type=\"widget\" data-widget_type=\"text-editor.default\">\n\t\t\t\t<div class=\"elementor-widget-container\">\n\t\t\t\t\t\t\t\t\t\n<div class=\"wp-block-uagb-container uagb-layout-grid uagb-block-9b5804a6 alignfull uagb-is-root-container\">\n<div class=\"uagb-container-inner-blocks-wrap\">\n<div class=\"wp-block-uagb-advanced-heading uagb-block-5f64be8a\">\n<h1 class=\"uagb-heading-text\">Our activities<\/h1>\n<\/div>\n<\/div>\n<\/div>\n\t\t\t\t\t\t\t\t<\/div>\n\t\t\t\t<\/div>\n\t\t\t\t\t<\/div>\n\t\t\t\t<\/div>\n\t\t<div class=\"elementor-element elementor-element-26c2132 e-flex e-con-boxed e-con e-parent\" data-id=\"26c2132\" data-element_type=\"container\" data-e-type=\"container\" data-settings=\"{&quot;shape_divider_top&quot;:&quot;split&quot;,&quot;shape_divider_bottom&quot;:&quot;split&quot;}\">\n\t\t\t\t\t<div class=\"e-con-inner\">\n\t\t\t\t<div class=\"elementor-shape elementor-shape-top\" aria-hidden=\"true\" data-negative=\"false\">\n\t\t\t<svg xmlns=\"http:\/\/www.w3.org\/2000\/svg\" viewbox=\"0 0 1000 20\" preserveaspectratio=\"none\">\n\t<path class=\"elementor-shape-fill\" d=\"M0,0v3c0,0,393.8,0,483.4,0c9.2,0,16.6,7.4,16.6,16.6c0-9.1,7.4-16.6,16.6-16.6C606.2,3,1000,3,1000,3V0H0z\"\/>\n<\/svg>\t\t<\/div>\n\t\t\t\t<div class=\"elementor-shape elementor-shape-bottom\" aria-hidden=\"true\" data-negative=\"false\">\n\t\t\t<svg xmlns=\"http:\/\/www.w3.org\/2000\/svg\" viewbox=\"0 0 1000 20\" preserveaspectratio=\"none\">\n\t<path class=\"elementor-shape-fill\" d=\"M0,0v3c0,0,393.8,0,483.4,0c9.2,0,16.6,7.4,16.6,16.6c0-9.1,7.4-16.6,16.6-16.6C606.2,3,1000,3,1000,3V0H0z\"\/>\n<\/svg>\t\t<\/div>\n\t\t<div class=\"elementor-element elementor-element-37db381 e-con-full e-flex e-con e-child\" data-id=\"37db381\" data-element_type=\"container\" data-e-type=\"container\">\n\t\t\t\t<div class=\"elementor-element elementor-element-0e4b009 elementor-widget elementor-widget-text-editor\" data-id=\"0e4b009\" data-element_type=\"widget\" data-e-type=\"widget\" data-widget_type=\"text-editor.default\">\n\t\t\t\t<div class=\"elementor-widget-container\">\n\t\t\t\t\t\t\t\t\t<h4 class=\"elementor-heading-title elementor-size-default elementor-inline-editing pen\" style=\"font-style: normal; font-weight: var( --e-global-typography-primary-font-weight ); margin-bottom: 0px; font-family: var( --e-global-typography-primary-font-family ), Sans-serif;\" data-elementor-setting-key=\"title\" data-pen-placeholder=\"Type Here...\">Ruo\u0161iame mokom\u0105j\u0105 ir informacin\u0119 med\u017eiag\u0105<\/h4>\n<div>\u00a0<\/div>\n<div><span style=\"color: #f0e6c5;\">med\u017eiagos teiraukit\u0117s el.<\/span> <span style=\"color: #f0e6c5;\">pa\u0161tu\u00a0<\/span><a href=\"mailto:info@sunysasistentai.lt\" target=\"_blank\" rel=\"noopener\">info@sunysasistentai.lt<\/a>\u00a0<\/div>\n<p>\u00a0<\/p>\t\t\t\t\t\t\t\t<\/div>\n\t\t\t\t<\/div>\n\t\t\t\t<\/div>\n\t\t<div class=\"elementor-element elementor-element-769918c e-con-full e-flex e-con e-child\" data-id=\"769918c\" data-element_type=\"container\" data-e-type=\"container\">\n\t\t\t\t<div class=\"elementor-element elementor-element-de66314 elementor-widget elementor-widget-text-editor\" data-id=\"de66314\" data-element_type=\"widget\" data-e-type=\"widget\" data-widget_type=\"text-editor.default\">\n\t\t\t\t<div class=\"elementor-widget-container\">\n\t\t\t\t\t\t\t\t\t<h5><span style=\"color: #f0e6c5;\">Mokym\u0173 med\u017eiaga:<\/span><\/h5>\n<div>\n<p><a href=\"https:\/\/acrobat.adobe.com\/id\/urn:aaid:sc:EU:64830a61-67e1-499e-b0bc-d77fd5705ea2\"><span style=\"color: #dca54a;\">Apie \u0161unis asistentus. Informacija dirbantiems ma\u017emenin\u0117s prekybos sektoriuje Lietuvoje (mokym\u0173 med\u017eiaga lietuvi\u0173 k.)<\/span><\/a><\/p>\n<h5 style=\"font-style: normal; color: #f0e6c5;\"><span style=\"color: #f0e6c5;\">Informacin\u0117 med\u017eiaga visuomenei ir verslui<\/span><\/h5>\n<div>\n<p style=\"font-size: 16px;\"><span style=\"color: #dca54a;\">Apie \u0160unis asistentus. Skrajut\u0117<\/span><\/p>\n<\/div>\n<\/div>\t\t\t\t\t\t\t\t<\/div>\n\t\t\t\t<\/div>\n\t\t\t\t<\/div>\n\t\t\t\t\t<\/div>\n\t\t\t\t<\/div>\n\t\t<div class=\"elementor-element elementor-element-9d7712f e-flex e-con-boxed e-con e-parent\" data-id=\"9d7712f\" data-element_type=\"container\" data-e-type=\"container\" data-settings=\"{&quot;shape_divider_top&quot;:&quot;split&quot;,&quot;shape_divider_bottom&quot;:&quot;split&quot;}\">\n\t\t\t\t\t<div class=\"e-con-inner\">\n\t\t\t\t<div class=\"elementor-shape elementor-shape-top\" aria-hidden=\"true\" data-negative=\"false\">\n\t\t\t<svg xmlns=\"http:\/\/www.w3.org\/2000\/svg\" viewbox=\"0 0 1000 20\" preserveaspectratio=\"none\">\n\t<path class=\"elementor-shape-fill\" d=\"M0,0v3c0,0,393.8,0,483.4,0c9.2,0,16.6,7.4,16.6,16.6c0-9.1,7.4-16.6,16.6-16.6C606.2,3,1000,3,1000,3V0H0z\"\/>\n<\/svg>\t\t<\/div>\n\t\t\t\t<div class=\"elementor-shape elementor-shape-bottom\" aria-hidden=\"true\" data-negative=\"false\">\n\t\t\t<svg xmlns=\"http:\/\/www.w3.org\/2000\/svg\" viewbox=\"0 0 1000 20\" preserveaspectratio=\"none\">\n\t<path class=\"elementor-shape-fill\" d=\"M0,0v3c0,0,393.8,0,483.4,0c9.2,0,16.6,7.4,16.6,16.6c0-9.1,7.4-16.6,16.6-16.6C606.2,3,1000,3,1000,3V0H0z\"\/>\n<\/svg>\t\t<\/div>\n\t\t<div class=\"elementor-element elementor-element-afccfdb e-con-full e-flex e-con e-child\" data-id=\"afccfdb\" data-element_type=\"container\" data-e-type=\"container\">\n\t\t\t\t<div class=\"elementor-element elementor-element-eb3411b elementor-widget elementor-widget-text-editor\" data-id=\"eb3411b\" data-element_type=\"widget\" data-e-type=\"widget\" data-widget_type=\"text-editor.default\">\n\t\t\t\t<div class=\"elementor-widget-container\">\n\t\t\t\t\t\t\t\t\t<h4 class=\"elementor-heading-title elementor-size-default elementor-inline-editing pen\" style=\"font-style: normal; font-weight: var( --e-global-typography-primary-font-weight ); margin-bottom: 0px; font-family: var( --e-global-typography-primary-font-family ), Sans-serif;\" data-elementor-setting-key=\"title\" data-pen-placeholder=\"Type Here...\">Prisidedam kuriant \u0161unims asistentams taikomus ES standartus<\/h4>\n<p>\u00a0<\/p>\t\t\t\t\t\t\t\t<\/div>\n\t\t\t\t<\/div>\n\t\t\t\t<\/div>\n\t\t<div class=\"elementor-element elementor-element-714e7e6 e-con-full e-flex e-con e-child\" data-id=\"714e7e6\" data-element_type=\"container\" data-e-type=\"container\">\n\t\t\t\t<div class=\"elementor-element elementor-element-f50384d elementor-widget elementor-widget-text-editor\" data-id=\"f50384d\" data-element_type=\"widget\" data-e-type=\"widget\" data-widget_type=\"text-editor.default\">\n\t\t\t\t<div class=\"elementor-widget-container\">\n\t\t\t\t\t\t\t\t\t<h5>Darbo grup\u0117s \u0161un\u0173 pagalbinink\u0173 (vedli\u0173) pagalbos asmenims su regos negalia teikimo sistemos k\u016brimo klausimams nagrin\u0117ti nariai.<\/h5>\n<div><a href=\"https:\/\/socmin.lrv.lt\/lt\/veiklos-sritys\/socialine-integracija\/negalios-reforma-ir-asmenu-su-negalia-itrauktis\/suns-pagalbininko-pagalba\/\">LR SADM. Asmen\u0173 su negalia \u012ftrauktis &#8211; \u0160uns pagalbininko pagalba<\/a><\/div>\n<div>\u00a0<\/div>\n<p><a href=\"https:\/\/socmin.lrv.lt\/public\/canonical\/1740554869\/4395\/%C5%A0unys+vedliai_gair%C4%97s_galutinis.pdf\">\u0160un\u0173 pagalbinink\u0173 (vedli\u0173) pagalbos teikimo organizavimo asmenims su regos negalia gair\u0117s<\/a><\/p>\n<h5>Lietuvos standartizacijos departamentas, TK45 Pagalbos priemon\u0117s asmenims su negalia komiteto nariai<\/h5>\n<div><a href=\"https:\/\/lsd.lrv.lt\/lt\/naujienos\/lst-tk-54-atstovai-centc-452-plenarinio-posedzio-dalyviai\/\">https:\/\/lsd.lrv.lt\/lt\/naujienos\/lst-tk-54-atstovai-centc-452-plenarinio-posedzio-dalyviai\/<\/a><\/div>\n<div>\u00a0<\/div>\n<h5>Europos standartizacijos organizacijos (CEN) technikos komiteto CEN\/TC 452 \u201e\u0160unys pagalbininkai\u201c (\u201eAssistance dogs\u201c)<\/h5>\n<h6>Kuriam\u0173 ES standart\u0173 statusas:<\/h6>\n<p><a href=\"https:\/\/projektai.lsd.lt\/lt\/standartu\/sunys-pagalbininkai-1-dalis-aiskinamasis-zodynas\">prEN 17984-1. \u0160unys pagalbininkai. 1 dalis. Ai\u0161kinamasis \u017eodynas<\/a><\/p>\n<p><a href=\"https:\/\/projektai.lsd.lt\/lt\/standartu\/sunys-pagalbininkai-2-dalis-sunu-gerove-visa-gyvenima\">prEN 17984-2. \u0160unys pagalbininkai. 2 dalis. \u0160un\u0173 gerov\u0117 vis\u0105 gyvenim\u0105<\/a><\/p>\n<p><a href=\"https:\/\/projektai.lsd.lt\/lt\/standartu\/sunys-pagalbininkai-3-dalis-sunis-pagalbininkus-rengianciu-specialistu-kompetencija\">PrEN 17984-3. \u0160unys pagalbininkai. 3 dalis. \u0160unis pagalbininkus rengian\u010di\u0173 specialist\u0173 kompetencija<\/a><\/p>\n<p><a href=\"https:\/\/projektai.lsd.lt\/lt\/standartu\/sunys-pagalbininkai-4-dalis-parengimas-dresavimas-ir-uzduotys\">prEN 17984-4.\u00a0\u0160unys pagalbininkai. 4 dalis. Parengimas, dresavimas ir u\u017eduotys<\/a><\/p>\n<p><a href=\"https:\/\/projektai.lsd.lt\/lt\/standartu\/sunys-pagalbininkai-6-dalis-prieinamumas-ir-universali-prieiga\">prEN 17984-6. \u0160unys pagalbininkai. 6 dalis. Prieinamumas ir universali prieiga<\/a><\/p>\t\t\t\t\t\t\t\t<\/div>\n\t\t\t\t<\/div>\n\t\t\t\t<\/div>\n\t\t\t\t\t<\/div>\n\t\t\t\t<\/div>\n\t\t<div class=\"elementor-element elementor-element-e7a6a62 e-flex e-con-boxed e-con e-parent\" data-id=\"e7a6a62\" data-element_type=\"container\" data-e-type=\"container\" data-settings=\"{&quot;shape_divider_top&quot;:&quot;split&quot;}\">\n\t\t\t\t\t<div class=\"e-con-inner\">\n\t\t\t\t<div class=\"elementor-shape elementor-shape-top\" aria-hidden=\"true\" data-negative=\"false\">\n\t\t\t<svg xmlns=\"http:\/\/www.w3.org\/2000\/svg\" viewbox=\"0 0 1000 20\" preserveaspectratio=\"none\">\n\t<path class=\"elementor-shape-fill\" d=\"M0,0v3c0,0,393.8,0,483.4,0c9.2,0,16.6,7.4,16.6,16.6c0-9.1,7.4-16.6,16.6-16.6C606.2,3,1000,3,1000,3V0H0z\"\/>\n<\/svg>\t\t<\/div>\n\t\t<div class=\"elementor-element elementor-element-6654e73 e-con-full e-flex e-con e-child\" data-id=\"6654e73\" data-element_type=\"container\" data-e-type=\"container\">\n\t\t\t\t<div class=\"elementor-element elementor-element-50f0f64 elementor-widget elementor-widget-text-editor\" data-id=\"50f0f64\" data-element_type=\"widget\" data-e-type=\"widget\" data-widget_type=\"text-editor.default\">\n\t\t\t\t<div class=\"elementor-widget-container\">\n\t\t\t\t\t\t\t\t\t<h4 class=\"elementor-heading-title elementor-size-default elementor-inline-editing pen\" style=\"font-style: normal; font-weight: var( --e-global-typography-primary-font-weight ); margin-bottom: 0px; font-family: var( --e-global-typography-primary-font-family ), Sans-serif;\" data-elementor-setting-key=\"title\" data-pen-placeholder=\"Type Here...\">Vykdome projektus<\/h4>\n<p>\u00a0<\/p>\t\t\t\t\t\t\t\t<\/div>\n\t\t\t\t<\/div>\n\t\t\t\t<\/div>\n\t\t<div class=\"elementor-element elementor-element-d81b254 e-con-full e-flex e-con e-child\" data-id=\"d81b254\" data-element_type=\"container\" data-e-type=\"container\">\n\t\t\t\t<div class=\"elementor-element elementor-element-1a9f113 elementor-widget elementor-widget-text-editor\" data-id=\"1a9f113\" data-element_type=\"widget\" data-e-type=\"widget\" data-widget_type=\"text-editor.default\">\n\t\t\t\t<div class=\"elementor-widget-container\">\n\t\t\t\t\t\t\t\t\t<h5>Collaboration on advancing assistance and guide dog training and access for schoolchildren and young adults. Travel grant #2419 Nov 2024 &#8211; Nov 2025 by Sweden-Lithuanian cooperation Fund (Swelitfund)<\/h5>\t\t\t\t\t\t\t\t<\/div>\n\t\t\t\t<\/div>\n\t\t\t\t<div class=\"elementor-element elementor-element-5710a9e elementor-widget elementor-widget-text-editor\" data-id=\"5710a9e\" data-element_type=\"widget\" data-e-type=\"widget\" data-widget_type=\"text-editor.default\">\n\t\t\t\t<div class=\"elementor-widget-container\">\n\t\t\t\t\t\t\t\t\t<h5>Nevyriausybin\u0117s organizacijos &#8222;\u0160unys asistentai&#8221; socialinio tvarumo stiprinimas (NVOKE08794), skirta suma &#8211; 9 940,03 EUR,\u00a0<a href=\"https:\/\/socmin.lrv.lt\/public\/canonical\/1746696191\/4736\/Kanclerio+potvarkis_NVOKE2025_05%2006_final_finansuojami.pdf\">Nevyriausybini\u0173 organizacij\u0173 institucinio stiprinimo ma\u017eos apimties projektas<\/a><\/h5>\t\t\t\t\t\t\t\t<\/div>\n\t\t\t\t<\/div>\n\t\t\t\t<\/div>\n\t\t\t\t\t<\/div>\n\t\t\t\t<\/div>\n\t\t\t\t<\/div>","protected":false},"excerpt":{"rendered":"<p>Our activities<\/p>","protected":false},"author":1,"featured_media":0,"parent":0,"menu_order":0,"comment_status":"closed","ping_status":"closed","template":"","meta":{"_uag_custom_page_level_css":"","site-sidebar-layout":"no-sidebar","site-content-layout":"page-builder","ast-site-content-layout":"full-width-container","site-content-style":"unboxed","site-sidebar-style":"unboxed","ast-global-header-display":"","ast-banner-title-visibility":"","ast-main-header-display":"","ast-hfb-above-header-display":"","ast-hfb-below-header-display":"","ast-hfb-mobile-header-display":"","site-post-title":"disabled","ast-breadcrumbs-content":"","ast-featured-img":"disabled","footer-sml-layout":"","ast-disable-related-posts":"","theme-transparent-header-meta":"default","adv-header-id-meta":"","stick-header-meta":"","header-above-stick-meta":"","header-main-stick-meta":"","header-below-stick-meta":"","astra-migrate-meta-layouts":"set","ast-page-background-enabled":"default","ast-page-background-meta":{"desktop":{"background-color":"","background-image":"","background-repeat":"repeat","background-position":"center center","background-size":"auto","background-attachment":"scroll","background-type":"","background-media":"","overlay-type":"","overlay-color":"","overlay-opacity":"","overlay-gradient":""},"tablet":{"background-color":"","background-image":"","background-repeat":"repeat","background-position":"center center","background-size":"auto","background-attachment":"scroll","background-type":"","background-media":"","overlay-type":"","overlay-color":"","overlay-opacity":"","overlay-gradient":""},"mobile":{"background-color":"","background-image":"","background-repeat":"repeat","background-position":"center center","background-size":"auto","background-attachment":"scroll","background-type":"","background-media":"","overlay-type":"","overlay-color":"","overlay-opacity":"","overlay-gradient":""}},"ast-content-background-meta":{"desktop":{"background-color":"var(--ast-global-color-5)","background-image":"","background-repeat":"repeat","background-position":"center center","background-size":"auto","background-attachment":"scroll","background-type":"","background-media":"","overlay-type":"","overlay-color":"","overlay-opacity":"","overlay-gradient":""},"tablet":{"background-color":"var(--ast-global-color-5)","background-image":"","background-repeat":"repeat","background-position":"center center","background-size":"auto","background-attachment":"scroll","background-type":"","background-media":"","overlay-type":"","overlay-color":"","overlay-opacity":"","overlay-gradient":""},"mobile":{"background-color":"var(--ast-global-color-5)","background-image":"","background-repeat":"repeat","background-position":"center center","background-size":"auto","background-attachment":"scroll","background-type":"","background-media":"","overlay-type":"","overlay-color":"","overlay-opacity":"","overlay-gradient":""}},"footnotes":""},"class_list":["post-509","page","type-page","status-publish","hentry"],"uagb_featured_image_src":{"full":false,"thumbnail":false,"medium":false,"medium_large":false,"large":false,"1536x1536":false,"2048x2048":false,"trp-custom-language-flag":false},"uagb_author_info":{"display_name":"irina.liuberte","author_link":"https:\/\/xn--unysasistentai-p0c.lt\/en\/author\/irina-liuberte\/"},"uagb_comment_info":0,"uagb_excerpt":"M\u016bs\u0173 veikla","_links":{"self":[{"href":"https:\/\/xn--unysasistentai-p0c.lt\/en\/wp-json\/wp\/v2\/pages\/509","targetHints":{"allow":["GET"]}}],"collection":[{"href":"https:\/\/xn--unysasistentai-p0c.lt\/en\/wp-json\/wp\/v2\/pages"}],"about":[{"href":"https:\/\/xn--unysasistentai-p0c.lt\/en\/wp-json\/wp\/v2\/types\/page"}],"author":[{"embeddable":true,"href":"https:\/\/xn--unysasistentai-p0c.lt\/en\/wp-json\/wp\/v2\/users\/1"}],"replies":[{"embeddable":true,"href":"https:\/\/xn--unysasistentai-p0c.lt\/en\/wp-json\/wp\/v2\/comments?post=509"}],"version-history":[{"count":52,"href":"https:\/\/xn--unysasistentai-p0c.lt\/en\/wp-json\/wp\/v2\/pages\/509\/revisions"}],"predecessor-version":[{"id":1686,"href":"https:\/\/xn--unysasistentai-p0c.lt\/en\/wp-json\/wp\/v2\/pages\/509\/revisions\/1686"}],"wp:attachment":[{"href":"https:\/\/xn--unysasistentai-p0c.lt\/en\/wp-json\/wp\/v2\/media?parent=509"}],"curies":[{"name":"wp","href":"https:\/\/api.w.org\/{rel}","templated":true}]}}